{"id":3386,"date":"2025-10-14T20:45:49","date_gmt":"2025-10-14T20:45:49","guid":{"rendered":"https:\/\/doctorcash.site\/?page_id=3386"},"modified":"2025-10-14T20:46:46","modified_gmt":"2025-10-14T20:46:46","slug":"legal-notice","status":"publish","type":"page","link":"https:\/\/doctor.cash\/es\/legal-notice\/","title":{"rendered":"Aviso legal"},"content":{"rendered":"<div data-elementor-type=\"wp-page\" data-elementor-id=\"3386\" class=\"elementor elementor-3386\" data-elementor-post-type=\"page\">\n\t\t\t\t<div class=\"elementor-element elementor-element-5d6e6af e-flex e-con-boxed e-con e-parent\" data-id=\"5d6e6af\" data-element_type=\"container\">\n\t\t\t\t\t<div class=\"e-con-inner\">\n\t\t<div class=\"elementor-element elementor-element-d271db6 e-con-full e-flex e-con e-child\" data-id=\"d271db6\" data-element_type=\"container\">\n\t\t\t\t<div class=\"elementor-element elementor-element-c11874c elementor-widget elementor-widget-heading\" data-id=\"c11874c\" data-element_type=\"widget\" data-widget_type=\"heading.default\">\n\t\t\t\t\t<h2 class=\"elementor-heading-title elementor-size-default\">Aviso legal<\/h2>\t\t\t\t<\/div>\n\t\t\t\t<\/div>\n\t\t\t\t\t<\/div>\n\t\t\t\t<\/div>\n\t\t<div class=\"elementor-element elementor-element-bc84448 e-flex e-con-boxed e-con e-parent\" data-id=\"bc84448\" data-element_type=\"container\" data-settings=\"{&quot;background_background&quot;:&quot;classic&quot;}\">\n\t\t\t\t\t<div class=\"e-con-inner\">\n\t\t\t\t<div class=\"elementor-element elementor-element-c5a9e2d elementor-widget elementor-widget-text-editor\" data-id=\"c5a9e2d\" data-element_type=\"widget\" data-widget_type=\"text-editor.default\">\n\t\t\t\t\t\t\t\t\t<h3><b>1. Prop\u00f3sito del sitio web<\/b><\/h3><p><span style=\"font-weight: 400;\">El sitio web de <\/span><b>Doctor Cash<\/b><span style=\"font-weight: 400;\"> tiene como objetivo ofrecer informaci\u00f3n general sobre opciones de financiamiento empresarial en los Estados Unidos. El contenido publicado es <\/span>meramente informativo y no constituye asesoramiento financiero, legal, contable ni profesional.<\/p><h3><b>2. Exactitud de la informaci\u00f3n<\/b><\/h3><p><span style=\"font-weight: 400;\">En <\/span><b>Doctor Cash<\/b><span style=\"font-weight: 400;\"> trabajamos para mantener nuestros contenidos actualizados y precisos. Sin embargo, no garantizamos la exactitud ni vigencia de la informaci\u00f3n publicada.\n Los productos, programas o servicios financieros pueden variar seg\u00fan las pol\u00edticas de cada entidad bancaria.<\/span><\/p><h3><b>3. Limitaci\u00f3n de responsabilidad<\/b><\/h3><p><span style=\"font-weight: 400;\">El uso del sitio web y la confianza en su contenido son responsabilidad exclusiva del usuario.<\/span><span style=\"font-weight: 400;\"><br \/><\/span> <b>Doctor Cash<\/b><span style=\"font-weight: 400;\"> no ser\u00e1 responsable por p\u00e9rdidas, da\u00f1os o perjuicios directos o indirectos que puedan derivarse del uso, interpretaci\u00f3n o dependencia de la informaci\u00f3n aqu\u00ed contenida.<\/span><\/p><h3><b>4. Enlaces externos<\/b><\/h3><p><span style=\"font-weight: 400;\">Este sitio puede incluir enlaces a p\u00e1ginas de terceros. <\/span><b>Doctor Cash <\/b><span style=\"font-weight: 400;\">no controla ni se hace responsable del contenido, pol\u00edticas o pr\u00e1cticas de esos sitios externos. Recomendamos revisar sus t\u00e9rminos antes de interactuar con ellos.<\/span><\/p><h3><b>5. Propiedad intelectual<\/b><\/h3><p><span style=\"font-weight: 400;\">Todo el contenido, dise\u00f1o, logotipos, textos e im\u00e1genes presentes en este sitio son propiedad de <\/span><b>Doctor Cash<\/b><span style=\"font-weight: 400;\"> o se utilizan con la debida autorizaci\u00f3n. Queda prohibida su reproducci\u00f3n total o parcial sin autorizaci\u00f3n previa y por escrito.<\/span><\/p><h3><b>6. Subsidiaria<\/b><\/h3><p><b>Doctor Cash es una subsidiaria de Prados Group.<\/b><\/p><h3><b>7. Legislaci\u00f3n aplicable<\/b><\/h3><p><span style=\"font-weight: 400;\">Este aviso se rige por las leyes de los Estados Unidos y se aplica en la m\u00e1xima medida permitida por la legislaci\u00f3n vigente.<\/span><\/p>\t\t\t\t\t\t\t\t<\/div>\n\t\t\t\t\t<\/div>\n\t\t\t\t<\/div>\n\t\t\t\t<\/div>","protected":false},"excerpt":{"rendered":"<p>Legal Notice 1. Purpose of this website The Doctor Cash website provides general information about business financing options in the United States. All content is for informational purposes only and does not constitute financial, legal, accounting, or professional advice. 2. Accuracy of information While Doctor Cash strives to keep its information accurate and up to [&hellip;]<\/p>","protected":false},"author":1,"featured_media":0,"parent":0,"menu_order":0,"comment_status":"closed","ping_status":"closed","template":"","meta":{"footnotes":""},"class_list":["post-3386","page","type-page","status-publish","hentry"],"_links":{"self":[{"href":"https:\/\/doctor.cash\/es\/wp-json\/wp\/v2\/pages\/3386","targetHints":{"allow":["GET"]}}],"collection":[{"href":"https:\/\/doctor.cash\/es\/wp-json\/wp\/v2\/pages"}],"about":[{"href":"https:\/\/doctor.cash\/es\/wp-json\/wp\/v2\/types\/page"}],"author":[{"embeddable":true,"href":"https:\/\/doctor.cash\/es\/wp-json\/wp\/v2\/users\/1"}],"replies":[{"embeddable":true,"href":"https:\/\/doctor.cash\/es\/wp-json\/wp\/v2\/comments?post=3386"}],"version-history":[{"count":0,"href":"https:\/\/doctor.cash\/es\/wp-json\/wp\/v2\/pages\/3386\/revisions"}],"wp:attachment":[{"href":"https:\/\/doctor.cash\/es\/wp-json\/wp\/v2\/media?parent=3386"}],"curies":[{"name":"wp","href":"https:\/\/api.w.org\/{rel}","templated":true}]}}