{"id":3154,"date":"2025-10-14T15:30:50","date_gmt":"2025-10-14T15:30:50","guid":{"rendered":"https:\/\/doctorcash.site\/?page_id=3154"},"modified":"2025-10-14T20:05:21","modified_gmt":"2025-10-14T20:05:21","slug":"educational-services","status":"publish","type":"page","link":"https:\/\/doctor.cash\/es\/educational-services\/","title":{"rendered":"Servicios Educativos"},"content":{"rendered":"<div data-elementor-type=\"wp-page\" data-elementor-id=\"3154\" class=\"elementor elementor-3154\" data-elementor-post-type=\"page\">\n\t\t\t\t<div class=\"elementor-element elementor-element-7e1a1fd e-flex e-con-boxed e-con e-parent\" data-id=\"7e1a1fd\" data-element_type=\"container\" data-settings=\"{&quot;background_background&quot;:&quot;gradient&quot;}\">\n\t\t\t\t\t<div class=\"e-con-inner\">\n\t\t<div class=\"elementor-element elementor-element-90805fc e-con-full e-flex e-con e-child\" data-id=\"90805fc\" data-element_type=\"container\">\n\t\t<div class=\"elementor-element elementor-element-a3d09be e-con-full e-flex e-con e-child\" data-id=\"a3d09be\" data-element_type=\"container\">\n\t\t<div class=\"elementor-element elementor-element-8dd96f3 e-con-full e-flex e-con e-child\" data-id=\"8dd96f3\" data-element_type=\"container\" data-settings=\"{&quot;background_background&quot;:&quot;classic&quot;}\">\n\t\t\t\t<div class=\"elementor-element elementor-element-749d4e3 elementor-widget elementor-widget-heading\" data-id=\"749d4e3\" data-element_type=\"widget\" data-widget_type=\"heading.default\">\n\t\t\t\t\t<h1 class=\"elementor-heading-title elementor-size-default\">Financiamiento para Servicios Educativos<\/h1>\t\t\t\t<\/div>\n\t\t\t\t<div class=\"elementor-element elementor-element-1409346 elementor-widget elementor-widget-heading\" data-id=\"1409346\" data-element_type=\"widget\" data-widget_type=\"heading.default\">\n\t\t\t\t\t<h2 class=\"elementor-heading-title elementor-size-default\">Capital dise\u00f1ado para fortalecer la educaci\u00f3n y el aprendizaje<\/h2>\t\t\t\t<\/div>\n\t\t\t\t<div class=\"elementor-element elementor-element-9efbd83 elementor-widget elementor-widget-text-editor\" data-id=\"9efbd83\" data-element_type=\"widget\" data-widget_type=\"text-editor.default\">\n\t\t\t\t\t\t\t\t\t<p>El sector educativo requiere inversi\u00f3n constante en tecnolog\u00eda, infraestructura y personal capacitado. Con Doctor Cash, los colegios, academias, centros de formaci\u00f3n y escuelas privadas pueden acceder a financiamiento adaptado a sus necesidades de crecimiento y sostenibilidad.<\/p><p>Nuestros pr\u00e9stamos ofrecen una soluci\u00f3n pr\u00e1ctica para instituciones que buscan modernizarse, mantener estabilidad financiera y seguir ofreciendo educaci\u00f3n de calidad a sus estudiantes.<\/p>\t\t\t\t\t\t\t\t<\/div>\n\t\t\t\t<\/div>\n\t\t\t\t<\/div>\n\t\t<div class=\"elementor-element elementor-element-54fffd1 e-con-full e-flex e-con e-child\" data-id=\"54fffd1\" data-element_type=\"container\">\n\t\t\t\t<div class=\"elementor-element elementor-element-9f7c7ad elementor-widget elementor-widget-image\" data-id=\"9f7c7ad\" data-element_type=\"widget\" data-widget_type=\"image.default\">\n\t\t\t\t\t\t\t\t\t\t\t\t\t\t\t<img fetchpriority=\"high\" decoding=\"async\" width=\"800\" height=\"800\" src=\"https:\/\/doctor.cash\/wp-content\/uploads\/2025\/10\/Educational-Services.jpg\" class=\"attachment-large size-large wp-image-3162\" alt=\"Educational Services\" srcset=\"https:\/\/doctor.cash\/wp-content\/uploads\/2025\/10\/Educational-Services.jpg 900w, https:\/\/doctor.cash\/wp-content\/uploads\/2025\/10\/Educational-Services-300x300.jpg 300w, https:\/\/doctor.cash\/wp-content\/uploads\/2025\/10\/Educational-Services-150x150.jpg 150w, https:\/\/doctor.cash\/wp-content\/uploads\/2025\/10\/Educational-Services-768x768.jpg 768w, https:\/\/doctor.cash\/wp-content\/uploads\/2025\/10\/Educational-Services-12x12.jpg 12w\" sizes=\"(max-width: 800px) 100vw, 800px\" \/>\t\t\t\t\t\t\t\t\t\t\t\t\t\t\t<\/div>\n\t\t\t\t<\/div>\n\t\t\t\t<\/div>\n\t\t\t\t\t<\/div>\n\t\t\t\t<\/div>\n\t\t<div class=\"elementor-element elementor-element-0214167 e-flex e-con-boxed e-con e-parent\" data-id=\"0214167\" data-element_type=\"container\">\n\t\t\t\t\t<div class=\"e-con-inner\">\n\t\t<div class=\"elementor-element elementor-element-7c0a587 e-con-full e-flex e-con e-child\" data-id=\"7c0a587\" data-element_type=\"container\">\n\t\t\t\t<div class=\"elementor-element elementor-element-0efdd0c elementor-widget elementor-widget-heading\" data-id=\"0efdd0c\" data-element_type=\"widget\" data-widget_type=\"heading.default\">\n\t\t\t\t\t<h2 class=\"elementor-heading-title elementor-size-default\">Beneficios del Financiamiento con Doctor Cash<\/h2>\t\t\t\t<\/div>\n\t\t\t\t<div class=\"elementor-element elementor-element-cb1d709 elementor-widget elementor-widget-text-editor\" data-id=\"cb1d709\" data-element_type=\"widget\" data-widget_type=\"text-editor.default\">\n\t\t\t\t\t\t\t\t\t<ul><li style=\"font-weight: 400;\" aria-level=\"1\"><h3><b>Modernizaci\u00f3n de instalaciones y tecnolog\u00eda educativa<\/b><\/h3><p><span style=\"font-weight: 400;\">Financia remodelaciones, ampliaciones o adquisici\u00f3n de equipos tecnol\u00f3gicos como computadores, software o sistemas interactivos.<\/span><\/p><\/li><li style=\"font-weight: 400;\" aria-level=\"1\"><h3><b>Estabilidad operativa<\/b><\/h3><p><span style=\"font-weight: 400;\">Cubre gastos de n\u00f3mina, mantenimiento o materiales did\u00e1cticos sin afectar el flujo de caja institucional.<\/span><\/p><\/li><li style=\"font-weight: 400;\" aria-level=\"1\"><h3><b>Flexibilidad de pago<\/b><\/h3><p><span style=\"font-weight: 400;\">Accede a planes de financiamiento ajustados a los ingresos y calendarios acad\u00e9micos de tu instituci\u00f3n.<\/span><\/p><\/li><li style=\"font-weight: 400;\" aria-level=\"1\"><h3><b>Crecimiento y expansi\u00f3n<\/b><\/h3><p><span style=\"font-weight: 400;\">Invierte en nuevos programas, sedes o certificaciones que fortalezcan tu oferta educativa.<\/span><\/p><\/li><li style=\"font-weight: 400;\" aria-level=\"1\"><h3><b>Solicitud simple y asesor\u00eda personalizada<\/b><\/h3><p><span style=\"font-weight: 400;\">Nuestro proceso de solicitud es r\u00e1pido, transparente y acompa\u00f1ado por expertos financieros.<\/span><\/p><\/li><\/ul>\t\t\t\t\t\t\t\t<\/div>\n\t\t\t\t<div class=\"elementor-element elementor-element-341fd0a elementor-widget elementor-widget-heading\" data-id=\"341fd0a\" data-element_type=\"widget\" data-widget_type=\"heading.default\">\n\t\t\t\t\t<h2 class=\"elementor-heading-title elementor-size-default\">Financiamiento que impulsa el futuro de la educaci\u00f3n<\/h2>\t\t\t\t<\/div>\n\t\t\t\t<div class=\"elementor-element elementor-element-53d2b06 elementor-widget elementor-widget-text-editor\" data-id=\"53d2b06\" data-element_type=\"widget\" data-widget_type=\"text-editor.default\">\n\t\t\t\t\t\t\t\t\t<p>Con Doctor Cash, las instituciones educativas no solo obtienen capital, sino un aliado comprometido con el desarrollo acad\u00e9mico. Nuestro objetivo es ayudarte a optimizar tus recursos para seguir brindando oportunidades de aprendizaje de alto impacto.<\/p><p>Ya sea que necesites expandir tus instalaciones o implementar herramientas digitales, nuestro financiamiento est\u00e1 dise\u00f1ado para apoyar tu misi\u00f3n educativa.<\/p>\t\t\t\t\t\t\t\t<\/div>\n\t\t\t\t<div class=\"elementor-element elementor-element-3f00d45 elementor-widget elementor-widget-heading\" data-id=\"3f00d45\" data-element_type=\"widget\" data-widget_type=\"heading.default\">\n\t\t\t\t\t<h2 class=\"elementor-heading-title elementor-size-default\">Doctor Cash: tu aliado financiero en el sector educativo<\/h2>\t\t\t\t<\/div>\n\t\t\t\t<div class=\"elementor-element elementor-element-e6fd667 elementor-widget elementor-widget-text-editor\" data-id=\"e6fd667\" data-element_type=\"widget\" data-widget_type=\"text-editor.default\">\n\t\t\t\t\t\t\t\t\t<p>Gracias a nuestra experiencia en industrias como <a href=\"\/es\/healthcare\/\">Servicios de Salud y Atenci\u00f3n M\u00e9dica<\/a>, <a href=\"\/es\/beauty-salon-spa-financing\/\">Salones de Belleza y Spas<\/a>, y <a href=\"\/es\/entertainment-industry\/\">Industria del Entretenimiento<\/a>, comprendemos la importancia de la innovaci\u00f3n, la sostenibilidad y la gesti\u00f3n responsable del capital.<\/p>\t\t\t\t\t\t\t\t<\/div>\n\t\t\t\t<\/div>\n\t\t<div class=\"elementor-element elementor-element-7985ec3 e-con-full e-flex e-con e-child\" data-id=\"7985ec3\" data-element_type=\"container\" data-settings=\"{&quot;background_background&quot;:&quot;classic&quot;}\">\n\t\t<div class=\"elementor-element elementor-element-0e35e96 e-con-full e-flex e-con e-child\" data-id=\"0e35e96\" data-element_type=\"container\">\n\t\t\t\t<div class=\"elementor-element elementor-element-b600e4a elementor-widget elementor-widget-heading\" data-id=\"b600e4a\" data-element_type=\"widget\" data-widget_type=\"heading.default\">\n\t\t\t\t\t<h2 class=\"elementor-heading-title elementor-size-default\">Accede al financiamiento que tu instituci\u00f3n necesita para crecer.\nCont\u00e1ctanos y potencia el aprendizaje con un respaldo financiero s\u00f3lido.<\/h2>\t\t\t\t<\/div>\n\t\t\t\t<\/div>\n\t\t<div class=\"elementor-element elementor-element-72c652d e-con-full e-flex e-con e-child\" data-id=\"72c652d\" data-element_type=\"container\">\n\t\t\t\t<div class=\"elementor-element elementor-element-24570dc elementor-align-right elementor-widget elementor-widget-button\" data-id=\"24570dc\" data-element_type=\"widget\" data-widget_type=\"button.default\">\n\t\t\t\t\t\t\t\t\t\t<a class=\"elementor-button elementor-button-link elementor-size-sm\" href=\"\/es\/contact\/\">\n\t\t\t\t\t\t<span class=\"elementor-button-content-wrapper\">\n\t\t\t\t\t\t<span class=\"elementor-button-icon\">\n\t\t\t\t<i aria-hidden=\"true\" class=\"icon icon-right-arrow1\"><\/i>\t\t\t<\/span>\n\t\t\t\t\t\t\t\t\t<span class=\"elementor-button-text\">Cont\u00e1ctanos ahora<\/span>\n\t\t\t\t\t<\/span>\n\t\t\t\t\t<\/a>\n\t\t\t\t\t\t\t\t<\/div>\n\t\t\t\t<\/div>\n\t\t\t\t<\/div>\n\t\t\t\t\t<\/div>\n\t\t\t\t<\/div>\n\t\t<div class=\"elementor-element elementor-element-25c9dfd e-con-full e-flex e-con e-parent\" data-id=\"25c9dfd\" data-element_type=\"container\">\n\t\t<div class=\"elementor-element elementor-element-5a2c359 e-flex e-con-boxed e-con e-child\" data-id=\"5a2c359\" data-element_type=\"container\" data-settings=\"{&quot;background_background&quot;:&quot;classic&quot;,&quot;motion_fx_motion_fx_scrolling&quot;:&quot;yes&quot;,&quot;motion_fx_translateY_effect&quot;:&quot;yes&quot;,&quot;motion_fx_translateY_speed&quot;:{&quot;unit&quot;:&quot;px&quot;,&quot;size&quot;:4,&quot;sizes&quot;:[]},&quot;motion_fx_translateY_affectedRange&quot;:{&quot;unit&quot;:&quot;%&quot;,&quot;size&quot;:&quot;&quot;,&quot;sizes&quot;:{&quot;start&quot;:0,&quot;end&quot;:100}},&quot;motion_fx_devices&quot;:[&quot;desktop&quot;,&quot;tablet&quot;,&quot;mobile&quot;]}\">\n\t\t\t\t\t<div class=\"e-con-inner\">\n\t\t<div class=\"elementor-element elementor-element-db20034 e-con-full e-flex e-con e-child\" data-id=\"db20034\" data-element_type=\"container\" data-settings=\"{&quot;background_background&quot;:&quot;classic&quot;}\">\n\t\t\t\t<div class=\"elementor-element elementor-element-701c71e elementor-widget elementor-widget-image\" data-id=\"701c71e\" data-element_type=\"widget\" data-widget_type=\"image.default\">\n\t\t\t\t\t\t\t\t\t\t\t\t\t\t\t<img decoding=\"async\" width=\"300\" height=\"300\" src=\"https:\/\/doctor.cash\/wp-content\/uploads\/2025\/08\/Money-Icon-1.png\" class=\"attachment-large size-large wp-image-258\" alt=\"\" srcset=\"https:\/\/doctor.cash\/wp-content\/uploads\/2025\/08\/Money-Icon-1.png 300w, https:\/\/doctor.cash\/wp-content\/uploads\/2025\/08\/Money-Icon-1-150x150.png 150w\" sizes=\"(max-width: 300px) 100vw, 300px\" \/>\t\t\t\t\t\t\t\t\t\t\t\t\t\t\t<\/div>\n\t\t\t\t<div class=\"elementor-element elementor-element-a459321 elementor-widget elementor-widget-heading\" data-id=\"a459321\" data-element_type=\"widget\" data-widget_type=\"heading.default\">\n\t\t\t\t\t<h2 class=\"elementor-heading-title elementor-size-default\">Apoyando a peque\u00f1as y<br> medianas empresas<\/h2>\t\t\t\t<\/div>\n\t\t\t\t<div class=\"elementor-element elementor-element-bc9360d elementor-widget elementor-widget-text-editor\" data-id=\"bc9360d\" data-element_type=\"widget\" data-widget_type=\"text-editor.default\">\n\t\t\t\t\t\t\t\t\t<p data-start=\"339\" data-end=\"786\">Las peque\u00f1as y medianas empresas son la columna vertebral de la econom\u00eda, y apoyarlas es el n\u00facleo de nuestra misi\u00f3n. Desde la refinanciaci\u00f3n de deudas hasta la adquisici\u00f3n de activos o la expansi\u00f3n de operaciones, proporcionamos las herramientas financieras y la orientaci\u00f3n que los negocios necesitan para prosperar.<\/p>\t\t\t\t\t\t\t\t<\/div>\n\t\t\t\t<div class=\"elementor-element elementor-element-f21acfd elementor-align-center elementor-widget elementor-widget-button\" data-id=\"f21acfd\" data-element_type=\"widget\" data-widget_type=\"button.default\">\n\t\t\t\t\t\t\t\t\t\t<a class=\"elementor-button elementor-button-link elementor-size-sm\" href=\"\/es\/about-us\/\">\n\t\t\t\t\t\t<span class=\"elementor-button-content-wrapper\">\n\t\t\t\t\t\t<span class=\"elementor-button-icon\">\n\t\t\t\t<i aria-hidden=\"true\" class=\"icon icon-right-arrow1\"><\/i>\t\t\t<\/span>\n\t\t\t\t\t\t\t\t\t<span class=\"elementor-button-text\">M\u00e1s sobre nosotros<\/span>\n\t\t\t\t\t<\/span>\n\t\t\t\t\t<\/a>\n\t\t\t\t\t\t\t\t<\/div>\n\t\t\t\t<\/div>\n\t\t\t\t\t<\/div>\n\t\t\t\t<\/div>\n\t\t\t\t<\/div>\n\t\t\t\t<\/div>","protected":false},"excerpt":{"rendered":"<p>Educational Services Financing Empowering education through smart funding Education thrives on innovation and resources. Doctor Cash provides schools, academies, and training centers with tailored financing solutions to modernize facilities, acquire new technology, and maintain financial stability. Our goal is to support educators and administrators who are shaping the future by making financial growth simple and [&hellip;]<\/p>","protected":false},"author":1,"featured_media":0,"parent":0,"menu_order":0,"comment_status":"closed","ping_status":"closed","template":"","meta":{"footnotes":""},"class_list":["post-3154","page","type-page","status-publish","hentry"],"_links":{"self":[{"href":"https:\/\/doctor.cash\/es\/wp-json\/wp\/v2\/pages\/3154","targetHints":{"allow":["GET"]}}],"collection":[{"href":"https:\/\/doctor.cash\/es\/wp-json\/wp\/v2\/pages"}],"about":[{"href":"https:\/\/doctor.cash\/es\/wp-json\/wp\/v2\/types\/page"}],"author":[{"embeddable":true,"href":"https:\/\/doctor.cash\/es\/wp-json\/wp\/v2\/users\/1"}],"replies":[{"embeddable":true,"href":"https:\/\/doctor.cash\/es\/wp-json\/wp\/v2\/comments?post=3154"}],"version-history":[{"count":0,"href":"https:\/\/doctor.cash\/es\/wp-json\/wp\/v2\/pages\/3154\/revisions"}],"wp:attachment":[{"href":"https:\/\/doctor.cash\/es\/wp-json\/wp\/v2\/media?parent=3154"}],"curies":[{"name":"wp","href":"https:\/\/api.w.org\/{rel}","templated":true}]}}