{"id":3136,"date":"2025-10-14T15:23:28","date_gmt":"2025-10-14T15:23:28","guid":{"rendered":"https:\/\/doctorcash.site\/?page_id=3136"},"modified":"2025-10-14T20:06:15","modified_gmt":"2025-10-14T20:06:15","slug":"trucking-transportation","status":"publish","type":"page","link":"https:\/\/doctor.cash\/es\/trucking-transportation\/","title":{"rendered":"Trucking &#038; Transportation"},"content":{"rendered":"<div data-elementor-type=\"wp-page\" data-elementor-id=\"3136\" class=\"elementor elementor-3136\" data-elementor-post-type=\"page\">\n\t\t\t\t<div class=\"elementor-element elementor-element-7e1a1fd e-flex e-con-boxed e-con e-parent\" data-id=\"7e1a1fd\" data-element_type=\"container\" data-settings=\"{&quot;background_background&quot;:&quot;gradient&quot;}\">\n\t\t\t\t\t<div class=\"e-con-inner\">\n\t\t<div class=\"elementor-element elementor-element-90805fc e-con-full e-flex e-con e-child\" data-id=\"90805fc\" data-element_type=\"container\">\n\t\t<div class=\"elementor-element elementor-element-a3d09be e-con-full e-flex e-con e-child\" data-id=\"a3d09be\" data-element_type=\"container\">\n\t\t<div class=\"elementor-element elementor-element-8dd96f3 e-con-full e-flex e-con e-child\" data-id=\"8dd96f3\" data-element_type=\"container\" data-settings=\"{&quot;background_background&quot;:&quot;classic&quot;}\">\n\t\t\t\t<div class=\"elementor-element elementor-element-749d4e3 elementor-widget elementor-widget-heading\" data-id=\"749d4e3\" data-element_type=\"widget\" data-widget_type=\"heading.default\">\n\t\t\t\t\t<h1 class=\"elementor-heading-title elementor-size-default\">Financiamiento para Transporte y Camiones<\/h1>\t\t\t\t<\/div>\n\t\t\t\t<div class=\"elementor-element elementor-element-1409346 elementor-widget elementor-widget-heading\" data-id=\"1409346\" data-element_type=\"widget\" data-widget_type=\"heading.default\">\n\t\t\t\t\t<h2 class=\"elementor-heading-title elementor-size-default\">Capital para mantener tu negocio en movimiento<\/h2>\t\t\t\t<\/div>\n\t\t\t\t<div class=\"elementor-element elementor-element-9efbd83 elementor-widget elementor-widget-text-editor\" data-id=\"9efbd83\" data-element_type=\"widget\" data-widget_type=\"text-editor.default\">\n\t\t\t\t\t\t\t\t\t<p><span style=\"font-weight: 400;\">El sector del transporte es el motor de la econom\u00eda, y mantener una flota operativa requiere inversi\u00f3n constante. <\/span><b>Doctor Cash<\/b><span style=\"font-weight: 400;\"> las empresas de camiones, transporte y log\u00edstica pueden acceder a financiamiento dise\u00f1ado para cubrir mantenimiento, adquisici\u00f3n de veh\u00edculos, combustible y expansi\u00f3n.<\/span><\/p><p><span style=\"font-weight: 400;\">Nuestros aliados financieros comprenden la importancia del tiempo y la eficiencia. Por eso, ofrecemos pr\u00e9stamos r\u00e1pidos y flexibles que permiten mantener tus operaciones sin interrupciones y aprovechar nuevas oportunidades de negocio.<\/span><\/p>\t\t\t\t\t\t\t\t<\/div>\n\t\t\t\t<\/div>\n\t\t\t\t<\/div>\n\t\t<div class=\"elementor-element elementor-element-54fffd1 e-con-full e-flex e-con e-child\" data-id=\"54fffd1\" data-element_type=\"container\">\n\t\t\t\t<div class=\"elementor-element elementor-element-9f7c7ad elementor-widget elementor-widget-image\" data-id=\"9f7c7ad\" data-element_type=\"widget\" data-widget_type=\"image.default\">\n\t\t\t\t\t\t\t\t\t\t\t\t\t\t\t<img fetchpriority=\"high\" decoding=\"async\" width=\"800\" height=\"800\" src=\"https:\/\/doctor.cash\/wp-content\/uploads\/2025\/10\/Trucking-and-transportation.jpg\" class=\"attachment-large size-large wp-image-3144\" alt=\"Trucking and transportation\" srcset=\"https:\/\/doctor.cash\/wp-content\/uploads\/2025\/10\/Trucking-and-transportation.jpg 900w, https:\/\/doctor.cash\/wp-content\/uploads\/2025\/10\/Trucking-and-transportation-300x300.jpg 300w, https:\/\/doctor.cash\/wp-content\/uploads\/2025\/10\/Trucking-and-transportation-150x150.jpg 150w, https:\/\/doctor.cash\/wp-content\/uploads\/2025\/10\/Trucking-and-transportation-768x768.jpg 768w, https:\/\/doctor.cash\/wp-content\/uploads\/2025\/10\/Trucking-and-transportation-12x12.jpg 12w\" sizes=\"(max-width: 800px) 100vw, 800px\" \/>\t\t\t\t\t\t\t\t\t\t\t\t\t\t\t<\/div>\n\t\t\t\t<\/div>\n\t\t\t\t<\/div>\n\t\t\t\t\t<\/div>\n\t\t\t\t<\/div>\n\t\t<div class=\"elementor-element elementor-element-0214167 e-flex e-con-boxed e-con e-parent\" data-id=\"0214167\" data-element_type=\"container\">\n\t\t\t\t\t<div class=\"e-con-inner\">\n\t\t<div class=\"elementor-element elementor-element-7c0a587 e-con-full e-flex e-con e-child\" data-id=\"7c0a587\" data-element_type=\"container\">\n\t\t\t\t<div class=\"elementor-element elementor-element-0efdd0c elementor-widget elementor-widget-heading\" data-id=\"0efdd0c\" data-element_type=\"widget\" data-widget_type=\"heading.default\">\n\t\t\t\t\t<h2 class=\"elementor-heading-title elementor-size-default\">Beneficios del Financiamiento con Doctor Cash<\/h2>\t\t\t\t<\/div>\n\t\t\t\t<div class=\"elementor-element elementor-element-cb1d709 elementor-widget elementor-widget-text-editor\" data-id=\"cb1d709\" data-element_type=\"widget\" data-widget_type=\"text-editor.default\">\n\t\t\t\t\t\t\t\t\t<ul><li style=\"font-weight: 400;\" aria-level=\"1\"><h3><b>Renovaci\u00f3n y adquisici\u00f3n de flota<\/b><\/h3><p><span style=\"font-weight: 400;\">Financia la compra de nuevos camiones o la actualizaci\u00f3n de unidades antiguas para mantener tu empresa competitiva y eficiente.<\/span><\/p><\/li><li style=\"font-weight: 400;\" aria-level=\"1\"><h3><b>Cobertura de mantenimiento y operaciones<\/b><\/h3><p><span style=\"font-weight: 400;\">Usa el capital para reparaciones, combustible o gastos imprevistos sin afectar tu flujo de caja.<\/span><\/p><\/li><li style=\"font-weight: 400;\" aria-level=\"1\"><h3><b>Pagos flexibles y ajustados a tu negocio<\/b><\/h3><p><span style=\"font-weight: 400;\">Accede a t\u00e9rminos de financiamiento que se adaptan a tus ingresos y ciclos de facturaci\u00f3n.<\/span><\/p><\/li><li style=\"font-weight: 400;\" aria-level=\"1\"><h3><b>Expansi\u00f3n log\u00edstica y territorial<\/b><\/h3><p><span style=\"font-weight: 400;\">Ampl\u00eda tu alcance, contrata m\u00e1s conductores o invierte en tecnolog\u00eda de gesti\u00f3n de rutas.<\/span><\/p><\/li><li style=\"font-weight: 400;\" aria-level=\"1\"><h3><b>Proceso \u00e1gil y confiable<\/b><\/h3><p><span style=\"font-weight: 400;\">Solicita tu pr\u00e9stamo f\u00e1cilmente y obt\u00e9n respuesta r\u00e1pida con asesor\u00eda personalizada.<\/span><\/p><\/li><\/ul>\t\t\t\t\t\t\t\t<\/div>\n\t\t\t\t<div class=\"elementor-element elementor-element-341fd0a elementor-widget elementor-widget-heading\" data-id=\"341fd0a\" data-element_type=\"widget\" data-widget_type=\"heading.default\">\n\t\t\t\t\t<h2 class=\"elementor-heading-title elementor-size-default\">Financiamiento que impulsa tu flota y tu rentabilidad<\/h2>\t\t\t\t<\/div>\n\t\t\t\t<div class=\"elementor-element elementor-element-53d2b06 elementor-widget elementor-widget-text-editor\" data-id=\"53d2b06\" data-element_type=\"widget\" data-widget_type=\"text-editor.default\">\n\t\t\t\t\t\t\t\t\t<p>Con Doctor Cash, tu empresa de transporte no solo accede a capital, sino tambi\u00e9n a un aliado financiero que entiende los desaf\u00edos del sector.<\/p><p>Te ayudamos a mantener tu negocio en movimiento, reducir tiempos de inactividad y mejorar la eficiencia de tu flota con opciones de cr\u00e9dito pensadas para crecer a tu ritmo.<\/p>\t\t\t\t\t\t\t\t<\/div>\n\t\t\t\t<div class=\"elementor-element elementor-element-3f00d45 elementor-widget elementor-widget-heading\" data-id=\"3f00d45\" data-element_type=\"widget\" data-widget_type=\"heading.default\">\n\t\t\t\t\t<h2 class=\"elementor-heading-title elementor-size-default\">Doctor Cash: tu socio en el camino hacia el crecimiento<\/h2>\t\t\t\t<\/div>\n\t\t\t\t<div class=\"elementor-element elementor-element-e6fd667 elementor-widget elementor-widget-text-editor\" data-id=\"e6fd667\" data-element_type=\"widget\" data-widget_type=\"text-editor.default\">\n\t\t\t\t\t\t\t\t\t<p>Nuestra experiencia en industrias como <a href=\"\/es\/heavy-equipment\/\">Equipos pesados<\/a>, <a href=\"https:\/\/doctorcash.site\/auto-repair-shop-financing\/\" target=\"_blank\" rel=\"noopener\">Talleres de Reparaci\u00f3n Automotriz<\/a>, y <a href=\"\/es\/construction-contractors\/\">Construcci\u00f3n y Contratistas<\/a> nos permite ofrecer soluciones integrales para negocios que dependen de equipos de precisi\u00f3n y operaci\u00f3n continua.<\/p>\t\t\t\t\t\t\t\t<\/div>\n\t\t\t\t<\/div>\n\t\t<div class=\"elementor-element elementor-element-7985ec3 e-con-full e-flex e-con e-child\" data-id=\"7985ec3\" data-element_type=\"container\" data-settings=\"{&quot;background_background&quot;:&quot;classic&quot;}\">\n\t\t<div class=\"elementor-element elementor-element-0e35e96 e-con-full e-flex e-con e-child\" data-id=\"0e35e96\" data-element_type=\"container\">\n\t\t\t\t<div class=\"elementor-element elementor-element-b600e4a elementor-widget elementor-widget-heading\" data-id=\"b600e4a\" data-element_type=\"widget\" data-widget_type=\"heading.default\">\n\t\t\t\t\t<h2 class=\"elementor-heading-title elementor-size-default\">Accede a un pr\u00e9stamo dise\u00f1ado para tu empresa de transporte.\nCont\u00e1ctanos y mant\u00e9n tu negocio avanzando con fuerza y estabilidad.<\/h2>\t\t\t\t<\/div>\n\t\t\t\t<\/div>\n\t\t<div class=\"elementor-element elementor-element-72c652d e-con-full e-flex e-con e-child\" data-id=\"72c652d\" data-element_type=\"container\">\n\t\t\t\t<div class=\"elementor-element elementor-element-24570dc elementor-align-right elementor-widget elementor-widget-button\" data-id=\"24570dc\" data-element_type=\"widget\" data-widget_type=\"button.default\">\n\t\t\t\t\t\t\t\t\t\t<a class=\"elementor-button elementor-button-link elementor-size-sm\" href=\"\/es\/contact\/\">\n\t\t\t\t\t\t<span class=\"elementor-button-content-wrapper\">\n\t\t\t\t\t\t<span class=\"elementor-button-icon\">\n\t\t\t\t<i aria-hidden=\"true\" class=\"icon icon-right-arrow1\"><\/i>\t\t\t<\/span>\n\t\t\t\t\t\t\t\t\t<span class=\"elementor-button-text\">Cont\u00e1ctanos ahora<\/span>\n\t\t\t\t\t<\/span>\n\t\t\t\t\t<\/a>\n\t\t\t\t\t\t\t\t<\/div>\n\t\t\t\t<\/div>\n\t\t\t\t<\/div>\n\t\t\t\t\t<\/div>\n\t\t\t\t<\/div>\n\t\t<div class=\"elementor-element elementor-element-25c9dfd e-con-full e-flex e-con e-parent\" data-id=\"25c9dfd\" data-element_type=\"container\">\n\t\t<div class=\"elementor-element elementor-element-5a2c359 e-flex e-con-boxed e-con e-child\" data-id=\"5a2c359\" data-element_type=\"container\" data-settings=\"{&quot;background_background&quot;:&quot;classic&quot;,&quot;motion_fx_motion_fx_scrolling&quot;:&quot;yes&quot;,&quot;motion_fx_translateY_effect&quot;:&quot;yes&quot;,&quot;motion_fx_translateY_speed&quot;:{&quot;unit&quot;:&quot;px&quot;,&quot;size&quot;:4,&quot;sizes&quot;:[]},&quot;motion_fx_translateY_affectedRange&quot;:{&quot;unit&quot;:&quot;%&quot;,&quot;size&quot;:&quot;&quot;,&quot;sizes&quot;:{&quot;start&quot;:0,&quot;end&quot;:100}},&quot;motion_fx_devices&quot;:[&quot;desktop&quot;,&quot;tablet&quot;,&quot;mobile&quot;]}\">\n\t\t\t\t\t<div class=\"e-con-inner\">\n\t\t<div class=\"elementor-element elementor-element-db20034 e-con-full e-flex e-con e-child\" data-id=\"db20034\" data-element_type=\"container\" data-settings=\"{&quot;background_background&quot;:&quot;classic&quot;}\">\n\t\t\t\t<div class=\"elementor-element elementor-element-701c71e elementor-widget elementor-widget-image\" data-id=\"701c71e\" data-element_type=\"widget\" data-widget_type=\"image.default\">\n\t\t\t\t\t\t\t\t\t\t\t\t\t\t\t<img decoding=\"async\" width=\"300\" height=\"300\" src=\"https:\/\/doctor.cash\/wp-content\/uploads\/2025\/08\/Money-Icon-1.png\" class=\"attachment-large size-large wp-image-258\" alt=\"\" srcset=\"https:\/\/doctor.cash\/wp-content\/uploads\/2025\/08\/Money-Icon-1.png 300w, https:\/\/doctor.cash\/wp-content\/uploads\/2025\/08\/Money-Icon-1-150x150.png 150w\" sizes=\"(max-width: 300px) 100vw, 300px\" \/>\t\t\t\t\t\t\t\t\t\t\t\t\t\t\t<\/div>\n\t\t\t\t<div class=\"elementor-element elementor-element-a459321 elementor-widget elementor-widget-heading\" data-id=\"a459321\" data-element_type=\"widget\" data-widget_type=\"heading.default\">\n\t\t\t\t\t<h2 class=\"elementor-heading-title elementor-size-default\">Apoyando a peque\u00f1as y<br> medianas empresas<\/h2>\t\t\t\t<\/div>\n\t\t\t\t<div class=\"elementor-element elementor-element-bc9360d elementor-widget elementor-widget-text-editor\" data-id=\"bc9360d\" data-element_type=\"widget\" data-widget_type=\"text-editor.default\">\n\t\t\t\t\t\t\t\t\t<p data-start=\"339\" data-end=\"786\">Las peque\u00f1as y medianas empresas son la columna vertebral de la econom\u00eda, y apoyarlas es el n\u00facleo de nuestra misi\u00f3n. Desde la refinanciaci\u00f3n de deudas hasta la adquisici\u00f3n de activos o la expansi\u00f3n de operaciones, proporcionamos las herramientas financieras y la orientaci\u00f3n que los negocios necesitan para prosperar.<\/p>\t\t\t\t\t\t\t\t<\/div>\n\t\t\t\t<div class=\"elementor-element elementor-element-f21acfd elementor-align-center elementor-widget elementor-widget-button\" data-id=\"f21acfd\" data-element_type=\"widget\" data-widget_type=\"button.default\">\n\t\t\t\t\t\t\t\t\t\t<a class=\"elementor-button elementor-button-link elementor-size-sm\" href=\"\/es\/about-us\/\">\n\t\t\t\t\t\t<span class=\"elementor-button-content-wrapper\">\n\t\t\t\t\t\t<span class=\"elementor-button-icon\">\n\t\t\t\t<i aria-hidden=\"true\" class=\"icon icon-right-arrow1\"><\/i>\t\t\t<\/span>\n\t\t\t\t\t\t\t\t\t<span class=\"elementor-button-text\">M\u00e1s sobre nosotros<\/span>\n\t\t\t\t\t<\/span>\n\t\t\t\t\t<\/a>\n\t\t\t\t\t\t\t\t<\/div>\n\t\t\t\t<\/div>\n\t\t\t\t\t<\/div>\n\t\t\t\t<\/div>\n\t\t\t\t<\/div>\n\t\t\t\t<\/div>","protected":false},"excerpt":{"rendered":"<p>Trucking &amp; Transportation Financing Keep your business moving with the right funding In the transportation industry, uptime and reliability are everything. Doctor Cash helps trucking companies and logistics businesses access fast, flexible financing to purchase trucks, cover maintenance, and expand operations. We understand that every minute counts, which is why our funding solutions are built [&hellip;]<\/p>","protected":false},"author":1,"featured_media":0,"parent":0,"menu_order":0,"comment_status":"closed","ping_status":"closed","template":"","meta":{"footnotes":""},"class_list":["post-3136","page","type-page","status-publish","hentry"],"_links":{"self":[{"href":"https:\/\/doctor.cash\/es\/wp-json\/wp\/v2\/pages\/3136","targetHints":{"allow":["GET"]}}],"collection":[{"href":"https:\/\/doctor.cash\/es\/wp-json\/wp\/v2\/pages"}],"about":[{"href":"https:\/\/doctor.cash\/es\/wp-json\/wp\/v2\/types\/page"}],"author":[{"embeddable":true,"href":"https:\/\/doctor.cash\/es\/wp-json\/wp\/v2\/users\/1"}],"replies":[{"embeddable":true,"href":"https:\/\/doctor.cash\/es\/wp-json\/wp\/v2\/comments?post=3136"}],"version-history":[{"count":0,"href":"https:\/\/doctor.cash\/es\/wp-json\/wp\/v2\/pages\/3136\/revisions"}],"wp:attachment":[{"href":"https:\/\/doctor.cash\/es\/wp-json\/wp\/v2\/media?parent=3136"}],"curies":[{"name":"wp","href":"https:\/\/api.w.org\/{rel}","templated":true}]}}