{"id":3054,"date":"2025-10-13T20:36:35","date_gmt":"2025-10-13T20:36:35","guid":{"rendered":"https:\/\/doctorcash.site\/?page_id=3054"},"modified":"2025-10-14T20:08:56","modified_gmt":"2025-10-14T20:08:56","slug":"retail-businesses","status":"publish","type":"page","link":"https:\/\/doctor.cash\/es\/retail-businesses\/","title":{"rendered":"Negocios Minoristas"},"content":{"rendered":"<div data-elementor-type=\"wp-page\" data-elementor-id=\"3054\" class=\"elementor elementor-3054\" data-elementor-post-type=\"page\">\n\t\t\t\t<div class=\"elementor-element elementor-element-7e1a1fd e-flex e-con-boxed e-con e-parent\" data-id=\"7e1a1fd\" data-element_type=\"container\" data-settings=\"{&quot;background_background&quot;:&quot;gradient&quot;}\">\n\t\t\t\t\t<div class=\"e-con-inner\">\n\t\t<div class=\"elementor-element elementor-element-90805fc e-con-full e-flex e-con e-child\" data-id=\"90805fc\" data-element_type=\"container\">\n\t\t<div class=\"elementor-element elementor-element-a3d09be e-con-full e-flex e-con e-child\" data-id=\"a3d09be\" data-element_type=\"container\">\n\t\t<div class=\"elementor-element elementor-element-8dd96f3 e-con-full e-flex e-con e-child\" data-id=\"8dd96f3\" data-element_type=\"container\" data-settings=\"{&quot;background_background&quot;:&quot;classic&quot;}\">\n\t\t\t\t<div class=\"elementor-element elementor-element-749d4e3 elementor-widget elementor-widget-heading\" data-id=\"749d4e3\" data-element_type=\"widget\" data-widget_type=\"heading.default\">\n\t\t\t\t\t<h1 class=\"elementor-heading-title elementor-size-default\">Financiamiento para Negocios Minoristas<\/h1>\t\t\t\t<\/div>\n\t\t\t\t<div class=\"elementor-element elementor-element-1409346 elementor-widget elementor-widget-heading\" data-id=\"1409346\" data-element_type=\"widget\" data-widget_type=\"heading.default\">\n\t\t\t\t\t<h2 class=\"elementor-heading-title elementor-size-default\">Capital para hacer crecer tu tienda y mantenerla competitiva<\/h2>\t\t\t\t<\/div>\n\t\t\t\t<div class=\"elementor-element elementor-element-9efbd83 elementor-widget elementor-widget-text-editor\" data-id=\"9efbd83\" data-element_type=\"widget\" data-widget_type=\"text-editor.default\">\n\t\t\t\t\t\t\t\t\t<p>El sector minorista evoluciona constantemente, y mantener tu negocio al d\u00eda requiere inversi\u00f3n, estrategia y liquidez. Con Doctor Cash, los propietarios de tiendas, boutiques y comercios pueden acceder a pr\u00e9stamos dise\u00f1ados para optimizar inventarios, remodelar espacios o fortalecer su flujo de caja.<\/p><p>Nuestros aliados financieros entienden los desaf\u00edos del comercio minorista, desde la rotaci\u00f3n de productos hasta la estacionalidad de las ventas. Por eso, ofrecemos soluciones que se adaptan a tu ritmo y te permiten crecer de forma sostenible.<\/p>\t\t\t\t\t\t\t\t<\/div>\n\t\t\t\t<\/div>\n\t\t\t\t<\/div>\n\t\t<div class=\"elementor-element elementor-element-54fffd1 e-con-full e-flex e-con e-child\" data-id=\"54fffd1\" data-element_type=\"container\">\n\t\t\t\t<div class=\"elementor-element elementor-element-9f7c7ad elementor-widget elementor-widget-image\" data-id=\"9f7c7ad\" data-element_type=\"widget\" data-widget_type=\"image.default\">\n\t\t\t\t\t\t\t\t\t\t\t\t\t\t\t<img fetchpriority=\"high\" decoding=\"async\" width=\"800\" height=\"800\" src=\"https:\/\/doctor.cash\/wp-content\/uploads\/2025\/10\/Retail-Businesses.jpg\" class=\"attachment-large size-large wp-image-3060\" alt=\"Retail Businesses\" srcset=\"https:\/\/doctor.cash\/wp-content\/uploads\/2025\/10\/Retail-Businesses.jpg 900w, https:\/\/doctor.cash\/wp-content\/uploads\/2025\/10\/Retail-Businesses-300x300.jpg 300w, https:\/\/doctor.cash\/wp-content\/uploads\/2025\/10\/Retail-Businesses-150x150.jpg 150w, https:\/\/doctor.cash\/wp-content\/uploads\/2025\/10\/Retail-Businesses-768x768.jpg 768w, https:\/\/doctor.cash\/wp-content\/uploads\/2025\/10\/Retail-Businesses-12x12.jpg 12w\" sizes=\"(max-width: 800px) 100vw, 800px\" \/>\t\t\t\t\t\t\t\t\t\t\t\t\t\t\t<\/div>\n\t\t\t\t<\/div>\n\t\t\t\t<\/div>\n\t\t\t\t\t<\/div>\n\t\t\t\t<\/div>\n\t\t<div class=\"elementor-element elementor-element-0214167 e-flex e-con-boxed e-con e-parent\" data-id=\"0214167\" data-element_type=\"container\">\n\t\t\t\t\t<div class=\"e-con-inner\">\n\t\t<div class=\"elementor-element elementor-element-7c0a587 e-con-full e-flex e-con e-child\" data-id=\"7c0a587\" data-element_type=\"container\">\n\t\t\t\t<div class=\"elementor-element elementor-element-0efdd0c elementor-widget elementor-widget-heading\" data-id=\"0efdd0c\" data-element_type=\"widget\" data-widget_type=\"heading.default\">\n\t\t\t\t\t<h2 class=\"elementor-heading-title elementor-size-default\">Beneficios del Financiamiento con Doctor Cash<\/h2>\t\t\t\t<\/div>\n\t\t\t\t<div class=\"elementor-element elementor-element-cb1d709 elementor-widget elementor-widget-text-editor\" data-id=\"cb1d709\" data-element_type=\"widget\" data-widget_type=\"text-editor.default\">\n\t\t\t\t\t\t\t\t\t<ul><li style=\"font-weight: 400;\" aria-level=\"1\"><h3><b>Control y expansi\u00f3n del inventario<\/b><\/h3><p><span style=\"font-weight: 400;\">Mant\u00e9n tus estantes llenos sin comprometer tu flujo de efectivo. Financia nuevas l\u00edneas de productos o reposiciones de alta demanda.<\/span><\/p><\/li><li style=\"font-weight: 400;\" aria-level=\"1\"><h3><b>Mejora de la experiencia del cliente<\/b><\/h3><p><span style=\"font-weight: 400;\">Invierte en remodelaciones, se\u00f1alizaci\u00f3n o tecnolog\u00eda de punto de venta para ofrecer un entorno moderno y eficiente.<\/span><\/p><\/li><li style=\"font-weight: 400;\" aria-level=\"1\"><h3><b>Flujo de caja estable<\/b><\/h3><p><span style=\"font-weight: 400;\">Afronta temporadas bajas o gastos imprevistos con capital accesible y flexible.<\/span><\/p><\/li><li style=\"font-weight: 400;\" aria-level=\"1\"><h3><b>Crecimiento sostenido<\/b><\/h3><p><span style=\"font-weight: 400;\">Ampl\u00eda tu presencia en l\u00ednea o abre nuevas sucursales con un respaldo financiero confiable.<\/span><\/p><\/li><li style=\"font-weight: 400;\" aria-level=\"1\"><h3><b>Proceso \u00e1gil y seguro<\/b><\/h3><p><span style=\"font-weight: 400;\">Solicita tu pr\u00e9stamo de manera r\u00e1pida y sencilla, con acompa\u00f1amiento experto en cada paso.<\/span><\/p><\/li><\/ul>\t\t\t\t\t\t\t\t<\/div>\n\t\t\t\t<div class=\"elementor-element elementor-element-341fd0a elementor-widget elementor-widget-heading\" data-id=\"341fd0a\" data-element_type=\"widget\" data-widget_type=\"heading.default\">\n\t\t\t\t\t<h2 class=\"elementor-heading-title elementor-size-default\">Financiamiento estrat\u00e9gico para el comercio minorista<\/h2>\t\t\t\t<\/div>\n\t\t\t\t<div class=\"elementor-element elementor-element-53d2b06 elementor-widget elementor-widget-text-editor\" data-id=\"53d2b06\" data-element_type=\"widget\" data-widget_type=\"text-editor.default\">\n\t\t\t\t\t\t\t\t\t<p>Con Doctor Cash, los negocios minoristas no solo obtienen acceso a capital, sino tambi\u00e9n a una relaci\u00f3n de confianza. Nuestro compromiso es ayudarte a mantener la rentabilidad y competitividad en un mercado que cambia cada d\u00eda.<\/p><p>Ya sea que necesites financiar stock, pagar proveedores o invertir en marketing digital, te ofrecemos una soluci\u00f3n adaptada a tus metas empresariales.<\/p>\t\t\t\t\t\t\t\t<\/div>\n\t\t\t\t<div class=\"elementor-element elementor-element-3f00d45 elementor-widget elementor-widget-heading\" data-id=\"3f00d45\" data-element_type=\"widget\" data-widget_type=\"heading.default\">\n\t\t\t\t\t<h2 class=\"elementor-heading-title elementor-size-default\">Doctor Cash: tu socio financiero en el crecimiento del retail<\/h2>\t\t\t\t<\/div>\n\t\t\t\t<div class=\"elementor-element elementor-element-e6fd667 elementor-widget elementor-widget-text-editor\" data-id=\"e6fd667\" data-element_type=\"widget\" data-widget_type=\"text-editor.default\">\n\t\t\t\t\t\t\t\t\t<p>Con experiencia en m\u00faltiples sectores como <a href=\"\/es\/restaurants\/\">Restaurantes<\/a>, <a href=\"\/es\/beauty-salon-spa-financing\/\">Salones de Belleza y Spas<\/a>, y <a href=\"\/es\/construction-contractors\/\">Construcci\u00f3n y Contratistas<\/a>, comprendemos las particularidades de cada industria y dise\u00f1amos soluciones financieras que impulsan resultados reales.<\/p>\t\t\t\t\t\t\t\t<\/div>\n\t\t\t\t<\/div>\n\t\t<div class=\"elementor-element elementor-element-7985ec3 e-con-full e-flex e-con e-child\" data-id=\"7985ec3\" data-element_type=\"container\" data-settings=\"{&quot;background_background&quot;:&quot;classic&quot;}\">\n\t\t<div class=\"elementor-element elementor-element-0e35e96 e-con-full e-flex e-con e-child\" data-id=\"0e35e96\" data-element_type=\"container\">\n\t\t\t\t<div class=\"elementor-element elementor-element-b600e4a elementor-widget elementor-widget-heading\" data-id=\"b600e4a\" data-element_type=\"widget\" data-widget_type=\"heading.default\">\n\t\t\t\t\t<h2 class=\"elementor-heading-title elementor-size-default\">Contactanos y lleva tu negocio minorista al siguiente nivel.<\/h2>\t\t\t\t<\/div>\n\t\t\t\t<\/div>\n\t\t<div class=\"elementor-element elementor-element-72c652d e-con-full e-flex e-con e-child\" data-id=\"72c652d\" data-element_type=\"container\">\n\t\t\t\t<div class=\"elementor-element elementor-element-24570dc elementor-align-right elementor-widget elementor-widget-button\" data-id=\"24570dc\" data-element_type=\"widget\" data-widget_type=\"button.default\">\n\t\t\t\t\t\t\t\t\t\t<a class=\"elementor-button elementor-button-link elementor-size-sm\" href=\"\/es\/contact\/\">\n\t\t\t\t\t\t<span class=\"elementor-button-content-wrapper\">\n\t\t\t\t\t\t<span class=\"elementor-button-icon\">\n\t\t\t\t<i aria-hidden=\"true\" class=\"icon icon-right-arrow1\"><\/i>\t\t\t<\/span>\n\t\t\t\t\t\t\t\t\t<span class=\"elementor-button-text\">Cont\u00e1ctanos ahora<\/span>\n\t\t\t\t\t<\/span>\n\t\t\t\t\t<\/a>\n\t\t\t\t\t\t\t\t<\/div>\n\t\t\t\t<\/div>\n\t\t\t\t<\/div>\n\t\t\t\t\t<\/div>\n\t\t\t\t<\/div>\n\t\t<div class=\"elementor-element elementor-element-25c9dfd e-con-full e-flex e-con e-parent\" data-id=\"25c9dfd\" data-element_type=\"container\">\n\t\t<div class=\"elementor-element elementor-element-5a2c359 e-flex e-con-boxed e-con e-child\" data-id=\"5a2c359\" data-element_type=\"container\" data-settings=\"{&quot;background_background&quot;:&quot;classic&quot;,&quot;motion_fx_motion_fx_scrolling&quot;:&quot;yes&quot;,&quot;motion_fx_translateY_effect&quot;:&quot;yes&quot;,&quot;motion_fx_translateY_speed&quot;:{&quot;unit&quot;:&quot;px&quot;,&quot;size&quot;:4,&quot;sizes&quot;:[]},&quot;motion_fx_translateY_affectedRange&quot;:{&quot;unit&quot;:&quot;%&quot;,&quot;size&quot;:&quot;&quot;,&quot;sizes&quot;:{&quot;start&quot;:0,&quot;end&quot;:100}},&quot;motion_fx_devices&quot;:[&quot;desktop&quot;,&quot;tablet&quot;,&quot;mobile&quot;]}\">\n\t\t\t\t\t<div class=\"e-con-inner\">\n\t\t<div class=\"elementor-element elementor-element-db20034 e-con-full e-flex e-con e-child\" data-id=\"db20034\" data-element_type=\"container\" data-settings=\"{&quot;background_background&quot;:&quot;classic&quot;}\">\n\t\t\t\t<div class=\"elementor-element elementor-element-701c71e elementor-widget elementor-widget-image\" data-id=\"701c71e\" data-element_type=\"widget\" data-widget_type=\"image.default\">\n\t\t\t\t\t\t\t\t\t\t\t\t\t\t\t<img decoding=\"async\" width=\"300\" height=\"300\" src=\"https:\/\/doctor.cash\/wp-content\/uploads\/2025\/08\/Money-Icon-1.png\" class=\"attachment-large size-large wp-image-258\" alt=\"\" srcset=\"https:\/\/doctor.cash\/wp-content\/uploads\/2025\/08\/Money-Icon-1.png 300w, https:\/\/doctor.cash\/wp-content\/uploads\/2025\/08\/Money-Icon-1-150x150.png 150w\" sizes=\"(max-width: 300px) 100vw, 300px\" \/>\t\t\t\t\t\t\t\t\t\t\t\t\t\t\t<\/div>\n\t\t\t\t<div class=\"elementor-element elementor-element-a459321 elementor-widget elementor-widget-heading\" data-id=\"a459321\" data-element_type=\"widget\" data-widget_type=\"heading.default\">\n\t\t\t\t\t<h2 class=\"elementor-heading-title elementor-size-default\">Apoyando a peque\u00f1as y<br> medianas empresas<\/h2>\t\t\t\t<\/div>\n\t\t\t\t<div class=\"elementor-element elementor-element-bc9360d elementor-widget elementor-widget-text-editor\" data-id=\"bc9360d\" data-element_type=\"widget\" data-widget_type=\"text-editor.default\">\n\t\t\t\t\t\t\t\t\t<p data-start=\"339\" data-end=\"786\">Las peque\u00f1as y medianas empresas son la columna vertebral de la econom\u00eda, y apoyarlas es el n\u00facleo de nuestra misi\u00f3n. Desde la refinanciaci\u00f3n de deudas hasta la adquisici\u00f3n de activos o la expansi\u00f3n de operaciones, proporcionamos las herramientas financieras y la orientaci\u00f3n que los negocios necesitan para prosperar.<\/p>\t\t\t\t\t\t\t\t<\/div>\n\t\t\t\t<div class=\"elementor-element elementor-element-f21acfd elementor-align-center elementor-widget elementor-widget-button\" data-id=\"f21acfd\" data-element_type=\"widget\" data-widget_type=\"button.default\">\n\t\t\t\t\t\t\t\t\t\t<a class=\"elementor-button elementor-button-link elementor-size-sm\" href=\"\/es\/about-us\/\">\n\t\t\t\t\t\t<span class=\"elementor-button-content-wrapper\">\n\t\t\t\t\t\t<span class=\"elementor-button-icon\">\n\t\t\t\t<i aria-hidden=\"true\" class=\"icon icon-right-arrow1\"><\/i>\t\t\t<\/span>\n\t\t\t\t\t\t\t\t\t<span class=\"elementor-button-text\">M\u00e1s sobre nosotros<\/span>\n\t\t\t\t\t<\/span>\n\t\t\t\t\t<\/a>\n\t\t\t\t\t\t\t\t<\/div>\n\t\t\t\t<\/div>\n\t\t\t\t\t<\/div>\n\t\t\t\t<\/div>\n\t\t\t\t<\/div>\n\t\t\t\t<\/div>","protected":false},"excerpt":{"rendered":"<p>Retail Business Financing Funding solutions to strengthen and grow your retail store In the fast-paced retail world, staying competitive requires steady cash flow and smart investments. Doctor Cash helps retail owners and shop managers access flexible loans to expand inventory, renovate stores, or handle daily expenses. We understand the unique challenges of retail, including seasonal [&hellip;]<\/p>","protected":false},"author":1,"featured_media":0,"parent":0,"menu_order":0,"comment_status":"closed","ping_status":"closed","template":"","meta":{"footnotes":""},"class_list":["post-3054","page","type-page","status-publish","hentry"],"_links":{"self":[{"href":"https:\/\/doctor.cash\/es\/wp-json\/wp\/v2\/pages\/3054","targetHints":{"allow":["GET"]}}],"collection":[{"href":"https:\/\/doctor.cash\/es\/wp-json\/wp\/v2\/pages"}],"about":[{"href":"https:\/\/doctor.cash\/es\/wp-json\/wp\/v2\/types\/page"}],"author":[{"embeddable":true,"href":"https:\/\/doctor.cash\/es\/wp-json\/wp\/v2\/users\/1"}],"replies":[{"embeddable":true,"href":"https:\/\/doctor.cash\/es\/wp-json\/wp\/v2\/comments?post=3054"}],"version-history":[{"count":0,"href":"https:\/\/doctor.cash\/es\/wp-json\/wp\/v2\/pages\/3054\/revisions"}],"wp:attachment":[{"href":"https:\/\/doctor.cash\/es\/wp-json\/wp\/v2\/media?parent=3054"}],"curies":[{"name":"wp","href":"https:\/\/api.w.org\/{rel}","templated":true}]}}