{"id":3041,"date":"2025-10-13T20:28:47","date_gmt":"2025-10-13T20:28:47","guid":{"rendered":"https:\/\/doctorcash.site\/?page_id=3041"},"modified":"2025-10-14T20:09:43","modified_gmt":"2025-10-14T20:09:43","slug":"restaurants","status":"publish","type":"page","link":"https:\/\/doctor.cash\/es\/restaurants\/","title":{"rendered":"Restaurantes"},"content":{"rendered":"<div data-elementor-type=\"wp-page\" data-elementor-id=\"3041\" class=\"elementor elementor-3041\" data-elementor-post-type=\"page\">\n\t\t\t\t<div class=\"elementor-element elementor-element-7e1a1fd e-flex e-con-boxed e-con e-parent\" data-id=\"7e1a1fd\" data-element_type=\"container\" data-settings=\"{&quot;background_background&quot;:&quot;gradient&quot;}\">\n\t\t\t\t\t<div class=\"e-con-inner\">\n\t\t<div class=\"elementor-element elementor-element-90805fc e-con-full e-flex e-con e-child\" data-id=\"90805fc\" data-element_type=\"container\">\n\t\t<div class=\"elementor-element elementor-element-a3d09be e-con-full e-flex e-con e-child\" data-id=\"a3d09be\" data-element_type=\"container\">\n\t\t<div class=\"elementor-element elementor-element-8dd96f3 e-con-full e-flex e-con e-child\" data-id=\"8dd96f3\" data-element_type=\"container\" data-settings=\"{&quot;background_background&quot;:&quot;classic&quot;}\">\n\t\t\t\t<div class=\"elementor-element elementor-element-749d4e3 elementor-widget elementor-widget-heading\" data-id=\"749d4e3\" data-element_type=\"widget\" data-widget_type=\"heading.default\">\n\t\t\t\t\t<h1 class=\"elementor-heading-title elementor-size-default\">Financiamiento para Restaurantes<\/h1>\t\t\t\t<\/div>\n\t\t\t\t<div class=\"elementor-element elementor-element-1409346 elementor-widget elementor-widget-heading\" data-id=\"1409346\" data-element_type=\"widget\" data-widget_type=\"heading.default\">\n\t\t\t\t\t<h2 class=\"elementor-heading-title elementor-size-default\">Capital dise\u00f1ado para el crecimiento del sector gastron\u00f3mico<\/h2>\t\t\t\t<\/div>\n\t\t\t\t<div class=\"elementor-element elementor-element-9efbd83 elementor-widget elementor-widget-text-editor\" data-id=\"9efbd83\" data-element_type=\"widget\" data-widget_type=\"text-editor.default\">\n\t\t\t\t\t\t\t\t\t<p>El mundo de la gastronom\u00eda requiere agilidad, inversi\u00f3n constante y visi\u00f3n empresarial. Con Doctor Cash, los propietarios de restaurantes y negocios de alimentos pueden acceder a financiamiento flexible para cubrir sus principales necesidades, desde la adquisici\u00f3n de equipos hasta la expansi\u00f3n del local o la gesti\u00f3n del flujo de caja.<\/p><p>Entendemos los retos del sector: temporadas altas y bajas, costos de insumos, personal y marketing. Por eso, nuestros pr\u00e9stamos est\u00e1n dise\u00f1ados para mantener la operaci\u00f3n estable, impulsar la innovaci\u00f3n y fortalecer la rentabilidad del negocio.<\/p>\t\t\t\t\t\t\t\t<\/div>\n\t\t\t\t<\/div>\n\t\t\t\t<\/div>\n\t\t<div class=\"elementor-element elementor-element-54fffd1 e-con-full e-flex e-con e-child\" data-id=\"54fffd1\" data-element_type=\"container\">\n\t\t\t\t<div class=\"elementor-element elementor-element-9f7c7ad elementor-widget elementor-widget-image\" data-id=\"9f7c7ad\" data-element_type=\"widget\" data-widget_type=\"image.default\">\n\t\t\t\t\t\t\t\t\t\t\t\t\t\t\t<img fetchpriority=\"high\" decoding=\"async\" width=\"800\" height=\"800\" src=\"https:\/\/doctor.cash\/wp-content\/uploads\/2025\/10\/Restaurants.jpg\" class=\"attachment-large size-large wp-image-3047\" alt=\"Restaurants\" srcset=\"https:\/\/doctor.cash\/wp-content\/uploads\/2025\/10\/Restaurants.jpg 900w, https:\/\/doctor.cash\/wp-content\/uploads\/2025\/10\/Restaurants-300x300.jpg 300w, https:\/\/doctor.cash\/wp-content\/uploads\/2025\/10\/Restaurants-150x150.jpg 150w, https:\/\/doctor.cash\/wp-content\/uploads\/2025\/10\/Restaurants-768x768.jpg 768w, https:\/\/doctor.cash\/wp-content\/uploads\/2025\/10\/Restaurants-12x12.jpg 12w\" sizes=\"(max-width: 800px) 100vw, 800px\" \/>\t\t\t\t\t\t\t\t\t\t\t\t\t\t\t<\/div>\n\t\t\t\t<\/div>\n\t\t\t\t<\/div>\n\t\t\t\t\t<\/div>\n\t\t\t\t<\/div>\n\t\t<div class=\"elementor-element elementor-element-0214167 e-flex e-con-boxed e-con e-parent\" data-id=\"0214167\" data-element_type=\"container\">\n\t\t\t\t\t<div class=\"e-con-inner\">\n\t\t<div class=\"elementor-element elementor-element-7c0a587 e-con-full e-flex e-con e-child\" data-id=\"7c0a587\" data-element_type=\"container\">\n\t\t\t\t<div class=\"elementor-element elementor-element-0efdd0c elementor-widget elementor-widget-heading\" data-id=\"0efdd0c\" data-element_type=\"widget\" data-widget_type=\"heading.default\">\n\t\t\t\t\t<h2 class=\"elementor-heading-title elementor-size-default\">Beneficios del Financiamiento con Doctor Cash<\/h2>\t\t\t\t<\/div>\n\t\t\t\t<div class=\"elementor-element elementor-element-cb1d709 elementor-widget elementor-widget-text-editor\" data-id=\"cb1d709\" data-element_type=\"widget\" data-widget_type=\"text-editor.default\">\n\t\t\t\t\t\t\t\t\t<ul><li style=\"font-weight: 400;\" aria-level=\"1\"><h3><b>Renovaci\u00f3n y adquisici\u00f3n de equipos<\/b><\/h3><p><span style=\"font-weight: 400;\">Financia cocinas industriales, refrigeraci\u00f3n, mobiliario o tecnolog\u00eda POS sin afectar tu capital operativo.<\/span><\/p><\/li><li style=\"font-weight: 400;\" aria-level=\"1\"><h3><b>Flujo de caja saludable<\/b><\/h3><p><span style=\"font-weight: 400;\">Mant\u00e9n tus operaciones diarias al d\u00eda, incluso durante temporadas de baja demanda o expansi\u00f3n.<\/span><\/p><\/li><li style=\"font-weight: 400;\" aria-level=\"1\"><h3><b>Flexibilidad en los pagos<\/b><\/h3><p><span style=\"font-weight: 400;\">Accede a t\u00e9rminos de financiamiento que se ajustan al ritmo de ventas y al tama\u00f1o de tu restaurante.<\/span><\/p><\/li><li style=\"font-weight: 400;\" aria-level=\"1\"><h3><b>Expansi\u00f3n estrat\u00e9gica<\/b><\/h3><p><span style=\"font-weight: 400;\">Invierte en remodelaci\u00f3n, apertura de nuevas sedes o mejoras de infraestructura con el respaldo de un socio financiero confiable.<\/span><\/p><\/li><li style=\"font-weight: 400;\" aria-level=\"1\"><h3><b>Proceso \u00e1gil y asesor\u00eda personalizada<\/b><\/h3><p><span style=\"font-weight: 400;\">Solicita tu pr\u00e9stamo con un proceso simple, sin burocracia, y recibe orientaci\u00f3n experta en cada paso.<\/span><\/p><\/li><\/ul>\t\t\t\t\t\t\t\t<\/div>\n\t\t\t\t<div class=\"elementor-element elementor-element-341fd0a elementor-widget elementor-widget-heading\" data-id=\"341fd0a\" data-element_type=\"widget\" data-widget_type=\"heading.default\">\n\t\t\t\t\t<h2 class=\"elementor-heading-title elementor-size-default\">Financiamiento para impulsar tu negocio gastron\u00f3mico<\/h2>\t\t\t\t<\/div>\n\t\t\t\t<div class=\"elementor-element elementor-element-53d2b06 elementor-widget elementor-widget-text-editor\" data-id=\"53d2b06\" data-element_type=\"widget\" data-widget_type=\"text-editor.default\">\n\t\t\t\t\t\t\t\t\t<p>Con el acompa\u00f1amiento de Doctor Cash, tu restaurante puede escalar a un nuevo nivel de rentabilidad. Nuestras soluciones financieras te permiten concentrarte en lo m\u00e1s importante: ofrecer experiencias culinarias excepcionales, mientras nosotros te ayudamos a mantener la estabilidad econ\u00f3mica.<\/p><p>Ya sea que necesites capital para modernizar tu cocina, invertir en marketing o contratar m\u00e1s personal, nuestro financiamiento se adapta a tus objetivos de crecimiento.<\/p>\t\t\t\t\t\t\t\t<\/div>\n\t\t\t\t<div class=\"elementor-element elementor-element-3f00d45 elementor-widget elementor-widget-heading\" data-id=\"3f00d45\" data-element_type=\"widget\" data-widget_type=\"heading.default\">\n\t\t\t\t\t<h2 class=\"elementor-heading-title elementor-size-default\">Doctor Cash: tu socio de confianza en el sector foodservice<\/h2>\t\t\t\t<\/div>\n\t\t\t\t<div class=\"elementor-element elementor-element-e6fd667 elementor-widget elementor-widget-text-editor\" data-id=\"e6fd667\" data-element_type=\"widget\" data-widget_type=\"text-editor.default\">\n\t\t\t\t\t\t\t\t\t<p>M\u00e1s que pr\u00e9stamos, ofrecemos apoyo real. Nuestra experiencia abarca m\u00faltiples industrias como <a href=\"\/es\/retail-businesses\/\">Negocios Minoristas<\/a>, <a href=\"\/es\/beauty-salon-spa-financing\/\">Salones de Belleza y Spas<\/a>, y <a href=\"\/es\/minority-owned-businesses\/\">Empresas de Propiedad Minoritaria<\/a> , lo que nos permite dise\u00f1ar soluciones financieras adaptadas a diferentes modelos de negocio.<\/p>\t\t\t\t\t\t\t\t<\/div>\n\t\t\t\t<\/div>\n\t\t<div class=\"elementor-element elementor-element-7985ec3 e-con-full e-flex e-con e-child\" data-id=\"7985ec3\" data-element_type=\"container\" data-settings=\"{&quot;background_background&quot;:&quot;classic&quot;}\">\n\t\t<div class=\"elementor-element elementor-element-0e35e96 e-con-full e-flex e-con e-child\" data-id=\"0e35e96\" data-element_type=\"container\">\n\t\t\t\t<div class=\"elementor-element elementor-element-b600e4a elementor-widget elementor-widget-heading\" data-id=\"b600e4a\" data-element_type=\"widget\" data-widget_type=\"heading.default\">\n\t\t\t\t\t<h2 class=\"elementor-heading-title elementor-size-default\">Cont\u00e1ctanos y haz crecer tu restaurante con el respaldo de un socio financiero confiable.<\/h2>\t\t\t\t<\/div>\n\t\t\t\t<\/div>\n\t\t<div class=\"elementor-element elementor-element-72c652d e-con-full e-flex e-con e-child\" data-id=\"72c652d\" data-element_type=\"container\">\n\t\t\t\t<div class=\"elementor-element elementor-element-24570dc elementor-align-right elementor-widget elementor-widget-button\" data-id=\"24570dc\" data-element_type=\"widget\" data-widget_type=\"button.default\">\n\t\t\t\t\t\t\t\t\t\t<a class=\"elementor-button elementor-button-link elementor-size-sm\" href=\"\/es\/contact\/\">\n\t\t\t\t\t\t<span class=\"elementor-button-content-wrapper\">\n\t\t\t\t\t\t<span class=\"elementor-button-icon\">\n\t\t\t\t<i aria-hidden=\"true\" class=\"icon icon-right-arrow1\"><\/i>\t\t\t<\/span>\n\t\t\t\t\t\t\t\t\t<span class=\"elementor-button-text\">Cont\u00e1ctanos ahora<\/span>\n\t\t\t\t\t<\/span>\n\t\t\t\t\t<\/a>\n\t\t\t\t\t\t\t\t<\/div>\n\t\t\t\t<\/div>\n\t\t\t\t<\/div>\n\t\t\t\t\t<\/div>\n\t\t\t\t<\/div>\n\t\t<div class=\"elementor-element elementor-element-25c9dfd e-con-full e-flex e-con e-parent\" data-id=\"25c9dfd\" data-element_type=\"container\">\n\t\t<div class=\"elementor-element elementor-element-5a2c359 e-flex e-con-boxed e-con e-child\" data-id=\"5a2c359\" data-element_type=\"container\" data-settings=\"{&quot;background_background&quot;:&quot;classic&quot;,&quot;motion_fx_motion_fx_scrolling&quot;:&quot;yes&quot;,&quot;motion_fx_translateY_effect&quot;:&quot;yes&quot;,&quot;motion_fx_translateY_speed&quot;:{&quot;unit&quot;:&quot;px&quot;,&quot;size&quot;:4,&quot;sizes&quot;:[]},&quot;motion_fx_translateY_affectedRange&quot;:{&quot;unit&quot;:&quot;%&quot;,&quot;size&quot;:&quot;&quot;,&quot;sizes&quot;:{&quot;start&quot;:0,&quot;end&quot;:100}},&quot;motion_fx_devices&quot;:[&quot;desktop&quot;,&quot;tablet&quot;,&quot;mobile&quot;]}\">\n\t\t\t\t\t<div class=\"e-con-inner\">\n\t\t<div class=\"elementor-element elementor-element-db20034 e-con-full e-flex e-con e-child\" data-id=\"db20034\" data-element_type=\"container\" data-settings=\"{&quot;background_background&quot;:&quot;classic&quot;}\">\n\t\t\t\t<div class=\"elementor-element elementor-element-701c71e elementor-widget elementor-widget-image\" data-id=\"701c71e\" data-element_type=\"widget\" data-widget_type=\"image.default\">\n\t\t\t\t\t\t\t\t\t\t\t\t\t\t\t<img decoding=\"async\" width=\"300\" height=\"300\" src=\"https:\/\/doctor.cash\/wp-content\/uploads\/2025\/08\/Money-Icon-1.png\" class=\"attachment-large size-large wp-image-258\" alt=\"\" srcset=\"https:\/\/doctor.cash\/wp-content\/uploads\/2025\/08\/Money-Icon-1.png 300w, https:\/\/doctor.cash\/wp-content\/uploads\/2025\/08\/Money-Icon-1-150x150.png 150w\" sizes=\"(max-width: 300px) 100vw, 300px\" \/>\t\t\t\t\t\t\t\t\t\t\t\t\t\t\t<\/div>\n\t\t\t\t<div class=\"elementor-element elementor-element-a459321 elementor-widget elementor-widget-heading\" data-id=\"a459321\" data-element_type=\"widget\" data-widget_type=\"heading.default\">\n\t\t\t\t\t<h2 class=\"elementor-heading-title elementor-size-default\">Apoyando a peque\u00f1as y<br> medianas empresas<\/h2>\t\t\t\t<\/div>\n\t\t\t\t<div class=\"elementor-element elementor-element-bc9360d elementor-widget elementor-widget-text-editor\" data-id=\"bc9360d\" data-element_type=\"widget\" data-widget_type=\"text-editor.default\">\n\t\t\t\t\t\t\t\t\t<p data-start=\"339\" data-end=\"786\">Las peque\u00f1as y medianas empresas son la columna vertebral de la econom\u00eda, y apoyarlas es el n\u00facleo de nuestra misi\u00f3n. Desde la refinanciaci\u00f3n de deudas hasta la adquisici\u00f3n de activos o la expansi\u00f3n de operaciones, proporcionamos las herramientas financieras y la orientaci\u00f3n que los negocios necesitan para prosperar.<\/p>\t\t\t\t\t\t\t\t<\/div>\n\t\t\t\t<div class=\"elementor-element elementor-element-f21acfd elementor-align-center elementor-widget elementor-widget-button\" data-id=\"f21acfd\" data-element_type=\"widget\" data-widget_type=\"button.default\">\n\t\t\t\t\t\t\t\t\t\t<a class=\"elementor-button elementor-button-link elementor-size-sm\" href=\"\/es\/about-us\/\">\n\t\t\t\t\t\t<span class=\"elementor-button-content-wrapper\">\n\t\t\t\t\t\t<span class=\"elementor-button-icon\">\n\t\t\t\t<i aria-hidden=\"true\" class=\"icon icon-right-arrow1\"><\/i>\t\t\t<\/span>\n\t\t\t\t\t\t\t\t\t<span class=\"elementor-button-text\">M\u00e1s sobre nosotros<\/span>\n\t\t\t\t\t<\/span>\n\t\t\t\t\t<\/a>\n\t\t\t\t\t\t\t\t<\/div>\n\t\t\t\t<\/div>\n\t\t\t\t\t<\/div>\n\t\t\t\t<\/div>\n\t\t\t\t<\/div>\n\t\t\t\t<\/div>","protected":false},"excerpt":{"rendered":"<p>Restaurant Financing Flexible capital for growth in the food industry Running a restaurant takes passion, precision, and financial stability. Through Doctor Cash, restaurant owners and foodservice businesses can access fast, flexible funding for equipment purchases, renovations, or working capital. We understand the realities of the industry, fluctuating seasons, staffing challenges, and rising supply costs, which [&hellip;]<\/p>","protected":false},"author":1,"featured_media":0,"parent":0,"menu_order":0,"comment_status":"closed","ping_status":"closed","template":"","meta":{"footnotes":""},"class_list":["post-3041","page","type-page","status-publish","hentry"],"_links":{"self":[{"href":"https:\/\/doctor.cash\/es\/wp-json\/wp\/v2\/pages\/3041","targetHints":{"allow":["GET"]}}],"collection":[{"href":"https:\/\/doctor.cash\/es\/wp-json\/wp\/v2\/pages"}],"about":[{"href":"https:\/\/doctor.cash\/es\/wp-json\/wp\/v2\/types\/page"}],"author":[{"embeddable":true,"href":"https:\/\/doctor.cash\/es\/wp-json\/wp\/v2\/users\/1"}],"replies":[{"embeddable":true,"href":"https:\/\/doctor.cash\/es\/wp-json\/wp\/v2\/comments?post=3041"}],"version-history":[{"count":0,"href":"https:\/\/doctor.cash\/es\/wp-json\/wp\/v2\/pages\/3041\/revisions"}],"wp:attachment":[{"href":"https:\/\/doctor.cash\/es\/wp-json\/wp\/v2\/media?parent=3041"}],"curies":[{"name":"wp","href":"https:\/\/api.w.org\/{rel}","templated":true}]}}