{"id":2978,"date":"2025-10-13T17:30:26","date_gmt":"2025-10-13T17:30:26","guid":{"rendered":"https:\/\/doctorcash.site\/?page_id=2978"},"modified":"2025-10-14T20:11:59","modified_gmt":"2025-10-14T20:11:59","slug":"medical-equipment","status":"publish","type":"page","link":"https:\/\/doctor.cash\/es\/medical-equipment\/","title":{"rendered":"Equipo m\u00e9dico"},"content":{"rendered":"<div data-elementor-type=\"wp-page\" data-elementor-id=\"2978\" class=\"elementor elementor-2978\" data-elementor-post-type=\"page\">\n\t\t\t\t<div class=\"elementor-element elementor-element-7e1a1fd e-flex e-con-boxed e-con e-parent\" data-id=\"7e1a1fd\" data-element_type=\"container\" data-settings=\"{&quot;background_background&quot;:&quot;gradient&quot;}\">\n\t\t\t\t\t<div class=\"e-con-inner\">\n\t\t<div class=\"elementor-element elementor-element-90805fc e-con-full e-flex e-con e-child\" data-id=\"90805fc\" data-element_type=\"container\">\n\t\t<div class=\"elementor-element elementor-element-a3d09be e-con-full e-flex e-con e-child\" data-id=\"a3d09be\" data-element_type=\"container\">\n\t\t<div class=\"elementor-element elementor-element-8dd96f3 e-con-full e-flex e-con e-child\" data-id=\"8dd96f3\" data-element_type=\"container\" data-settings=\"{&quot;background_background&quot;:&quot;classic&quot;}\">\n\t\t\t\t<div class=\"elementor-element elementor-element-749d4e3 elementor-widget elementor-widget-heading\" data-id=\"749d4e3\" data-element_type=\"widget\" data-widget_type=\"heading.default\">\n\t\t\t\t\t<h1 class=\"elementor-heading-title elementor-size-default\">Financiamiento para Equipos M\u00e9dicos<\/h1>\t\t\t\t<\/div>\n\t\t\t\t<div class=\"elementor-element elementor-element-1409346 elementor-widget elementor-widget-heading\" data-id=\"1409346\" data-element_type=\"widget\" data-widget_type=\"heading.default\">\n\t\t\t\t\t<h2 class=\"elementor-heading-title elementor-size-default\">Impulsa tu cl\u00ednica o consultorio con tecnolog\u00eda avanzada<\/h2>\t\t\t\t<\/div>\n\t\t\t\t<div class=\"elementor-element elementor-element-9efbd83 elementor-widget elementor-widget-text-editor\" data-id=\"9efbd83\" data-element_type=\"widget\" data-widget_type=\"text-editor.default\">\n\t\t\t\t\t\t\t\t\t<p>El financiamiento asistido por Doctor Cash para peque\u00f1as empresas del sector salud es una herramienta poderosa que impulsa la adquisici\u00f3n de equipos m\u00e9dicos avanzados. En un entorno donde la innovaci\u00f3n tecnol\u00f3gica define la calidad del servicio, contar con equipos actualizados no solo mejora la atenci\u00f3n al paciente, sino que fortalece la reputaci\u00f3n y sostenibilidad de tu pr\u00e1ctica m\u00e9dica.<\/p><p><span style=\"font-weight: 400;\">Con pr\u00e9stamos accesibles y flexibles, Doctor Cash permite a cl\u00ednicas, laboratorios y consultorios adquirir el equipo que necesitan para crecer sin afectar su liquidez operativa.<\/span><\/p>\t\t\t\t\t\t\t\t<\/div>\n\t\t\t\t<\/div>\n\t\t\t\t<\/div>\n\t\t<div class=\"elementor-element elementor-element-54fffd1 e-con-full e-flex e-con e-child\" data-id=\"54fffd1\" data-element_type=\"container\">\n\t\t\t\t<div class=\"elementor-element elementor-element-9f7c7ad elementor-widget elementor-widget-image\" data-id=\"9f7c7ad\" data-element_type=\"widget\" data-widget_type=\"image.default\">\n\t\t\t\t\t\t\t\t\t\t\t\t\t\t\t<img fetchpriority=\"high\" decoding=\"async\" width=\"800\" height=\"800\" src=\"https:\/\/doctor.cash\/wp-content\/uploads\/2025\/10\/Medical-Equipment.jpg\" class=\"attachment-large size-large wp-image-3132\" alt=\"Medical Equipment\" srcset=\"https:\/\/doctor.cash\/wp-content\/uploads\/2025\/10\/Medical-Equipment.jpg 900w, https:\/\/doctor.cash\/wp-content\/uploads\/2025\/10\/Medical-Equipment-300x300.jpg 300w, https:\/\/doctor.cash\/wp-content\/uploads\/2025\/10\/Medical-Equipment-150x150.jpg 150w, https:\/\/doctor.cash\/wp-content\/uploads\/2025\/10\/Medical-Equipment-768x768.jpg 768w, https:\/\/doctor.cash\/wp-content\/uploads\/2025\/10\/Medical-Equipment-12x12.jpg 12w\" sizes=\"(max-width: 800px) 100vw, 800px\" \/>\t\t\t\t\t\t\t\t\t\t\t\t\t\t\t<\/div>\n\t\t\t\t<\/div>\n\t\t\t\t<\/div>\n\t\t\t\t\t<\/div>\n\t\t\t\t<\/div>\n\t\t<div class=\"elementor-element elementor-element-0214167 e-flex e-con-boxed e-con e-parent\" data-id=\"0214167\" data-element_type=\"container\">\n\t\t\t\t\t<div class=\"e-con-inner\">\n\t\t<div class=\"elementor-element elementor-element-7c0a587 e-con-full e-flex e-con e-child\" data-id=\"7c0a587\" data-element_type=\"container\">\n\t\t\t\t<div class=\"elementor-element elementor-element-0efdd0c elementor-widget elementor-widget-heading\" data-id=\"0efdd0c\" data-element_type=\"widget\" data-widget_type=\"heading.default\">\n\t\t\t\t\t<h2 class=\"elementor-heading-title elementor-size-default\">Beneficios del Financiamiento con ayuda de Doctor Cash<\/h2>\t\t\t\t<\/div>\n\t\t\t\t<div class=\"elementor-element elementor-element-cb1d709 elementor-widget elementor-widget-text-editor\" data-id=\"cb1d709\" data-element_type=\"widget\" data-widget_type=\"text-editor.default\">\n\t\t\t\t\t\t\t\t\t<ul><li style=\"font-weight: 400;\" aria-level=\"1\"><h3><b>Acceso a tecnolog\u00eda de punta<\/b><\/h3><p><span style=\"font-weight: 400;\">Invierte en equipos m\u00e9dicos modernos que mejoren la precisi\u00f3n del diagn\u00f3stico, el tratamiento y la experiencia del paciente.<\/span><\/p><\/li><li style=\"font-weight: 400;\" aria-level=\"1\"><h3><b>Gesti\u00f3n efectiva del flujo de caja<\/b><\/h3><p><span style=\"font-weight: 400;\">Conserva tu capital de trabajo para otras operaciones esenciales, mientras financias tus adquisiciones a plazos c\u00f3modos.<\/span><\/p><\/li><li style=\"font-weight: 400;\" aria-level=\"1\"><h3><b>T\u00e9rminos de pago flexibles<\/b><\/h3><p><span style=\"font-weight: 400;\">Disfruta de t\u00e9rminos de financiamiento ajustados a los ingresos y necesidades de tu cl\u00ednica o centro m\u00e9dico.<\/span><\/p><\/li><li style=\"font-weight: 400;\" aria-level=\"1\"><h3><b>Mayor competitividad y crecimiento<\/b><\/h3><p><span style=\"font-weight: 400;\">Mejora tu oferta de servicios, ampl\u00eda especialidades y atrae a una base m\u00e1s amplia de pacientes con infraestructura moderna.<\/span><span style=\"font-weight: 400;\"><br \/><\/span><\/p><\/li><li style=\"font-weight: 400;\" aria-level=\"1\"><h3><b>Proceso r\u00e1pido y simple<\/b><\/h3><p>Con Doctor Cash, el proceso de solicitud es \u00e1gil, sin tr\u00e1mites innecesarios, para que obtengas el capital justo cuando lo necesitas.<\/p><\/li><\/ul>\t\t\t\t\t\t\t\t<\/div>\n\t\t\t\t<div class=\"elementor-element elementor-element-341fd0a elementor-widget elementor-widget-heading\" data-id=\"341fd0a\" data-element_type=\"widget\" data-widget_type=\"heading.default\">\n\t\t\t\t\t<h2 class=\"elementor-heading-title elementor-size-default\">Doctor Cash: tu aliado en la innovaci\u00f3n m\u00e9dica<\/h2>\t\t\t\t<\/div>\n\t\t\t\t<div class=\"elementor-element elementor-element-53d2b06 elementor-widget elementor-widget-text-editor\" data-id=\"53d2b06\" data-element_type=\"widget\" data-widget_type=\"text-editor.default\">\n\t\t\t\t\t\t\t\t\t<p>M\u00e1s que un prestamista, somos un socio financiero comprometido con el crecimiento de tu pr\u00e1ctica m\u00e9dica. Gracias a nuestra experiencia en industrias como <a href=\"\/es\/healthcare\/\">Servicios de Salud y Atenci\u00f3n M\u00e9dica<\/a>, <a href=\"\/es\/beauty-salon-spa-financing\/\">Salones de Belleza y Spas<\/a>, y <a href=\"\/es\/construction-contractors\/\">Construcci\u00f3n y Contratistas<\/a>entendemos los desaf\u00edos de inversi\u00f3n y retorno en el sector salud.<br \/>Con financiamiento inteligente, tu cl\u00ednica podr\u00e1 mantenerse a la vanguardia tecnol\u00f3gica sin comprometer su estabilidad financiera.<\/p>\t\t\t\t\t\t\t\t<\/div>\n\t\t\t\t<\/div>\n\t\t<div class=\"elementor-element elementor-element-7985ec3 e-con-full e-flex e-con e-child\" data-id=\"7985ec3\" data-element_type=\"container\" data-settings=\"{&quot;background_background&quot;:&quot;classic&quot;}\">\n\t\t<div class=\"elementor-element elementor-element-0e35e96 e-con-full e-flex e-con e-child\" data-id=\"0e35e96\" data-element_type=\"container\">\n\t\t\t\t<div class=\"elementor-element elementor-element-b600e4a elementor-widget elementor-widget-heading\" data-id=\"b600e4a\" data-element_type=\"widget\" data-widget_type=\"heading.default\">\n\t\t\t\t\t<h2 class=\"elementor-heading-title elementor-size-default\">Verifica tu elegibilidad y descubre c\u00f3mo Doctor Cash puede ayudarte a modernizar tu cl\u00ednica con financiamiento a medida.<\/h2>\t\t\t\t<\/div>\n\t\t\t\t<\/div>\n\t\t<div class=\"elementor-element elementor-element-72c652d e-con-full e-flex e-con e-child\" data-id=\"72c652d\" data-element_type=\"container\">\n\t\t\t\t<div class=\"elementor-element elementor-element-24570dc elementor-align-right elementor-widget elementor-widget-button\" data-id=\"24570dc\" data-element_type=\"widget\" data-widget_type=\"button.default\">\n\t\t\t\t\t\t\t\t\t\t<a class=\"elementor-button elementor-button-link elementor-size-sm\" href=\"\/es\/contact\/\">\n\t\t\t\t\t\t<span class=\"elementor-button-content-wrapper\">\n\t\t\t\t\t\t<span class=\"elementor-button-icon\">\n\t\t\t\t<i aria-hidden=\"true\" class=\"icon icon-right-arrow1\"><\/i>\t\t\t<\/span>\n\t\t\t\t\t\t\t\t\t<span class=\"elementor-button-text\">Cont\u00e1ctanos ahora<\/span>\n\t\t\t\t\t<\/span>\n\t\t\t\t\t<\/a>\n\t\t\t\t\t\t\t\t<\/div>\n\t\t\t\t<\/div>\n\t\t\t\t<\/div>\n\t\t\t\t\t<\/div>\n\t\t\t\t<\/div>\n\t\t<div class=\"elementor-element elementor-element-25c9dfd e-con-full e-flex e-con e-parent\" data-id=\"25c9dfd\" data-element_type=\"container\">\n\t\t<div class=\"elementor-element elementor-element-5a2c359 e-flex e-con-boxed e-con e-child\" data-id=\"5a2c359\" data-element_type=\"container\" data-settings=\"{&quot;background_background&quot;:&quot;classic&quot;,&quot;motion_fx_motion_fx_scrolling&quot;:&quot;yes&quot;,&quot;motion_fx_translateY_effect&quot;:&quot;yes&quot;,&quot;motion_fx_translateY_speed&quot;:{&quot;unit&quot;:&quot;px&quot;,&quot;size&quot;:4,&quot;sizes&quot;:[]},&quot;motion_fx_translateY_affectedRange&quot;:{&quot;unit&quot;:&quot;%&quot;,&quot;size&quot;:&quot;&quot;,&quot;sizes&quot;:{&quot;start&quot;:0,&quot;end&quot;:100}},&quot;motion_fx_devices&quot;:[&quot;desktop&quot;,&quot;tablet&quot;,&quot;mobile&quot;]}\">\n\t\t\t\t\t<div class=\"e-con-inner\">\n\t\t<div class=\"elementor-element elementor-element-db20034 e-con-full e-flex e-con e-child\" data-id=\"db20034\" data-element_type=\"container\" data-settings=\"{&quot;background_background&quot;:&quot;classic&quot;}\">\n\t\t\t\t<div class=\"elementor-element elementor-element-701c71e elementor-widget elementor-widget-image\" data-id=\"701c71e\" data-element_type=\"widget\" data-widget_type=\"image.default\">\n\t\t\t\t\t\t\t\t\t\t\t\t\t\t\t<img decoding=\"async\" width=\"300\" height=\"300\" src=\"https:\/\/doctor.cash\/wp-content\/uploads\/2025\/08\/Money-Icon-1.png\" class=\"attachment-large size-large wp-image-258\" alt=\"\" srcset=\"https:\/\/doctor.cash\/wp-content\/uploads\/2025\/08\/Money-Icon-1.png 300w, https:\/\/doctor.cash\/wp-content\/uploads\/2025\/08\/Money-Icon-1-150x150.png 150w\" sizes=\"(max-width: 300px) 100vw, 300px\" \/>\t\t\t\t\t\t\t\t\t\t\t\t\t\t\t<\/div>\n\t\t\t\t<div class=\"elementor-element elementor-element-a459321 elementor-widget elementor-widget-heading\" data-id=\"a459321\" data-element_type=\"widget\" data-widget_type=\"heading.default\">\n\t\t\t\t\t<h2 class=\"elementor-heading-title elementor-size-default\">Apoyando a peque\u00f1as y<br> medianas empresas<\/h2>\t\t\t\t<\/div>\n\t\t\t\t<div class=\"elementor-element elementor-element-bc9360d elementor-widget elementor-widget-text-editor\" data-id=\"bc9360d\" data-element_type=\"widget\" data-widget_type=\"text-editor.default\">\n\t\t\t\t\t\t\t\t\t<p data-start=\"339\" data-end=\"786\">Las peque\u00f1as y medianas empresas son la columna vertebral de la econom\u00eda, y apoyarlas es el n\u00facleo de nuestra misi\u00f3n. Desde la refinanciaci\u00f3n de deudas hasta la adquisici\u00f3n de activos o la expansi\u00f3n de operaciones, proporcionamos las herramientas financieras y la orientaci\u00f3n que los negocios necesitan para prosperar.<\/p>\t\t\t\t\t\t\t\t<\/div>\n\t\t\t\t<div class=\"elementor-element elementor-element-f21acfd elementor-align-center elementor-widget elementor-widget-button\" data-id=\"f21acfd\" data-element_type=\"widget\" data-widget_type=\"button.default\">\n\t\t\t\t\t\t\t\t\t\t<a class=\"elementor-button elementor-button-link elementor-size-sm\" href=\"\/es\/about-us\/\">\n\t\t\t\t\t\t<span class=\"elementor-button-content-wrapper\">\n\t\t\t\t\t\t<span class=\"elementor-button-icon\">\n\t\t\t\t<i aria-hidden=\"true\" class=\"icon icon-right-arrow1\"><\/i>\t\t\t<\/span>\n\t\t\t\t\t\t\t\t\t<span class=\"elementor-button-text\">M\u00e1s sobre nosotros<\/span>\n\t\t\t\t\t<\/span>\n\t\t\t\t\t<\/a>\n\t\t\t\t\t\t\t\t<\/div>\n\t\t\t\t<\/div>\n\t\t\t\t\t<\/div>\n\t\t\t\t<\/div>\n\t\t\t\t<\/div>\n\t\t\t\t<\/div>","protected":false},"excerpt":{"rendered":"<p>Medical Equipment Financing Empower your practice with advanced healthcare technology Through Doctor Cash, small healthcare businesses can access powerful financing solutions to acquire cutting edge medical equipment. In an industry where technology evolves rapidly, having state of the art tools is not just about staying competitive it\u2019s about providing exceptional patient care and improving long [&hellip;]<\/p>","protected":false},"author":1,"featured_media":0,"parent":0,"menu_order":0,"comment_status":"closed","ping_status":"closed","template":"","meta":{"footnotes":""},"class_list":["post-2978","page","type-page","status-publish","hentry"],"_links":{"self":[{"href":"https:\/\/doctor.cash\/es\/wp-json\/wp\/v2\/pages\/2978","targetHints":{"allow":["GET"]}}],"collection":[{"href":"https:\/\/doctor.cash\/es\/wp-json\/wp\/v2\/pages"}],"about":[{"href":"https:\/\/doctor.cash\/es\/wp-json\/wp\/v2\/types\/page"}],"author":[{"embeddable":true,"href":"https:\/\/doctor.cash\/es\/wp-json\/wp\/v2\/users\/1"}],"replies":[{"embeddable":true,"href":"https:\/\/doctor.cash\/es\/wp-json\/wp\/v2\/comments?post=2978"}],"version-history":[{"count":0,"href":"https:\/\/doctor.cash\/es\/wp-json\/wp\/v2\/pages\/2978\/revisions"}],"wp:attachment":[{"href":"https:\/\/doctor.cash\/es\/wp-json\/wp\/v2\/media?parent=2978"}],"curies":[{"name":"wp","href":"https:\/\/api.w.org\/{rel}","templated":true}]}}