{"id":2139,"date":"2025-10-02T21:48:09","date_gmt":"2025-10-02T21:48:09","guid":{"rendered":"https:\/\/doctorcash.site\/?page_id=2139"},"modified":"2025-12-26T16:29:55","modified_gmt":"2025-12-26T16:29:55","slug":"contact","status":"publish","type":"page","link":"https:\/\/doctor.cash\/es\/contact\/","title":{"rendered":"Contacto"},"content":{"rendered":"<div data-elementor-type=\"wp-page\" data-elementor-id=\"2139\" class=\"elementor elementor-2139\" data-elementor-post-type=\"page\">\n\t\t\t\t<div class=\"elementor-element elementor-element-060ba58 e-con-full e-flex e-con e-parent\" data-id=\"060ba58\" data-element_type=\"container\" data-settings=\"{&quot;background_background&quot;:&quot;classic&quot;}\">\n\t\t<div class=\"elementor-element elementor-element-7917077 e-con-full e-flex e-con e-child\" data-id=\"7917077\" data-element_type=\"container\" data-settings=\"{&quot;background_background&quot;:&quot;classic&quot;}\">\n\t\t\t\t<div class=\"elementor-element elementor-element-7eda03e elementor-widget elementor-widget-heading\" data-id=\"7eda03e\" data-element_type=\"widget\" data-widget_type=\"heading.default\">\n\t\t\t\t\t<h1 class=\"elementor-heading-title elementor-size-default\">Comun\u00edquese con Doctor Cash para recibir gu\u00eda experta sobre pr\u00e9stamos comerciales<\/h1>\t\t\t\t<\/div>\n\t\t\t\t<div class=\"elementor-element elementor-element-d67f82f elementor-widget elementor-widget-text-editor\" data-id=\"d67f82f\" data-element_type=\"widget\" data-widget_type=\"text-editor.default\">\n\t\t\t\t\t\t\t\t\t<p data-start=\"339\" data-end=\"786\"><span style=\"font-weight: 400;\">\u00bfListo para dar el siguiente paso para su negocio? <\/span><\/p>\t\t\t\t\t\t\t\t<\/div>\n\t\t\t\t<\/div>\n\t\t<div class=\"elementor-element elementor-element-0ae5e46 e-con-full e-flex e-con e-child\" data-id=\"0ae5e46\" data-element_type=\"container\">\n\t\t\t\t<div class=\"elementor-element elementor-element-a448c8c elementor-hidden-desktop elementor-hidden-tablet elementor-hidden-mobile elementor-button-align-stretch elementor-widget elementor-widget-form\" data-id=\"a448c8c\" data-element_type=\"widget\" data-settings=\"{&quot;step_next_label&quot;:&quot;Next&quot;,&quot;step_previous_label&quot;:&quot;Previous&quot;,&quot;button_width&quot;:&quot;70&quot;,&quot;step_type&quot;:&quot;number_text&quot;,&quot;step_icon_shape&quot;:&quot;circle&quot;}\" data-widget_type=\"form.default\">\n\t\t\t\t\t\t\t<form class=\"elementor-form\" method=\"post\" name=\"Contact\" aria-label=\"Contacto\" action=\"\">\n\t\t\t<input type=\"hidden\" name=\"post_id\" value=\"2139\"\/>\n\t\t\t<input type=\"hidden\" name=\"form_id\" value=\"a448c8c\"\/>\n\t\t\t<input type=\"hidden\" name=\"referer_title\" value=\"\" \/>\n\n\t\t\t\n\t\t\t<div class=\"elementor-form-fields-wrapper elementor-labels-above\">\n\t\t\t\t\t\t\t\t<div class=\"elementor-field-type-text elementor-field-group elementor-column elementor-field-group-name elementor-col-80 elementor-field-required elementor-mark-required\">\n\t\t\t\t\t\t\t\t\t\t\t\t<label for=\"form-field-name\" class=\"elementor-field-label\">\n\t\t\t\t\t\t\t\tNombre\t\t\t\t\t\t\t<\/label>\n\t\t\t\t\t\t\t\t\t\t\t\t\t\t<input size=\"1\" type=\"text\" name=\"form_fields[name]\" id=\"form-field-name\" class=\"elementor-field elementor-size-sm  elementor-field-textual\" required=\"required\">\n\t\t\t\t\t\t\t\t\t\t\t<\/div>\n\t\t\t\t\t\t\t\t<div class=\"elementor-field-type-tel elementor-field-group elementor-column elementor-field-group-field_a72c6d3 elementor-col-80 elementor-field-required elementor-mark-required\">\n\t\t\t\t\t\t\t\t\t\t\t\t<label for=\"form-field-field_a72c6d3\" class=\"elementor-field-label\">\n\t\t\t\t\t\t\t\tN\u00famero de tel\u00e9fono\t\t\t\t\t\t\t<\/label>\n\t\t\t\t\t\t\t\t<input size=\"1\" type=\"tel\" name=\"form_fields[field_a72c6d3]\" id=\"form-field-field_a72c6d3\" class=\"elementor-field elementor-size-sm  elementor-field-textual\" required=\"required\" pattern=\"[0-9()#&amp;+*-=.]+\" title=\"Only numbers and phone characters (#, -, *, etc) are accepted.\">\n\n\t\t\t\t\t\t<\/div>\n\t\t\t\t\t\t\t\t<div class=\"elementor-field-type-email elementor-field-group elementor-column elementor-field-group-email elementor-col-80 elementor-field-required elementor-mark-required\">\n\t\t\t\t\t\t\t\t\t\t\t\t<label for=\"form-field-email\" class=\"elementor-field-label\">\n\t\t\t\t\t\t\t\tCorreo electr\u00f3nico\t\t\t\t\t\t\t<\/label>\n\t\t\t\t\t\t\t\t\t\t\t\t\t\t<input size=\"1\" type=\"email\" name=\"form_fields[email]\" id=\"form-field-email\" class=\"elementor-field elementor-size-sm  elementor-field-textual\" required=\"required\">\n\t\t\t\t\t\t\t\t\t\t\t<\/div>\n\t\t\t\t\t\t\t\t<div class=\"elementor-field-type-text elementor-field-group elementor-column elementor-field-group-field_8ec4560 elementor-col-80 elementor-field-required elementor-mark-required\">\n\t\t\t\t\t\t\t\t\t\t\t\t<label for=\"form-field-field_8ec4560\" class=\"elementor-field-label\">\n\t\t\t\t\t\t\t\tServicio solicitado\t\t\t\t\t\t\t<\/label>\n\t\t\t\t\t\t\t\t\t\t\t\t\t\t<input size=\"1\" type=\"text\" name=\"form_fields[field_8ec4560]\" id=\"form-field-field_8ec4560\" class=\"elementor-field elementor-size-sm  elementor-field-textual\" required=\"required\">\n\t\t\t\t\t\t\t\t\t\t\t<\/div>\n\t\t\t\t\t\t\t\t<div class=\"elementor-field-type-textarea elementor-field-group elementor-column elementor-field-group-message elementor-col-80 elementor-field-required elementor-mark-required\">\n\t\t\t\t\t\t\t\t\t\t\t\t<label for=\"form-field-message\" class=\"elementor-field-label\">\n\t\t\t\t\t\t\t\tMensaje\t\t\t\t\t\t\t<\/label>\n\t\t\t\t\t\t<textarea class=\"elementor-field-textual elementor-field  elementor-size-sm\" name=\"form_fields[message]\" id=\"form-field-message\" rows=\"4\" required=\"required\"><\/textarea>\t\t\t\t<\/div>\n\t\t\t\t\t\t\t\t<div class=\"elementor-field-group elementor-column elementor-field-type-submit elementor-col-70 e-form__buttons\">\n\t\t\t\t\t<button class=\"elementor-button elementor-size-sm\" type=\"submit\">\n\t\t\t\t\t\t<span class=\"elementor-button-content-wrapper\">\n\t\t\t\t\t\t\t\t\t\t\t\t\t\t\t\t\t\t\t\t\t\t<span class=\"elementor-button-text\">Enviar<\/span>\n\t\t\t\t\t\t\t\t\t\t\t\t\t<\/span>\n\t\t\t\t\t<\/button>\n\t\t\t\t<\/div>\n\t\t\t<\/div>\n\t\t<input type=\"hidden\" name=\"trp-form-language\" value=\"es\"\/><\/form>\n\t\t\t\t\t\t<\/div>\n\t\t\t\t<div class=\"elementor-element elementor-element-ab78481 elementor-widget elementor-widget-html\" data-id=\"ab78481\" data-element_type=\"widget\" data-widget_type=\"html.default\">\n\t\t\t\t\t<!-- Change or deletion of the name attributes in the input tag will lead to empty values on record submission-->\r\n<form action='https:\/\/forms.zohopublic.com\/eefinancial\/form\/CONTACT\/formperma\/Y7lPb0brt5XDJawWlK33qib5PVMJlXuUlkvnawJNs_M\/htmlRecords\/submit' name='form' id='form' method='POST' accept-charset='UTF-8' enctype='multipart\/form-data'>\r\n<input type=\"hidden\" name=\"zf_referrer_name\" value=\"\"><!-- To Track referrals , place the referrer name within the \" \" in the above hidden input field -->\r\n<input type=\"hidden\" name=\"zf_redirect_url\" value=\"\"><!-- To redirect to a specific page after record submission , place the respective url within the \" \" in the above hidden input field -->\r\n<input type=\"hidden\" name=\"zc_gad\" value=\"\"><!-- If GCLID is enabled in Zoho CRM Integration, click details of AdWords Ads will be pushed to Zoho CRM -->\r\n<h2>CONTACTO<\/h2>\r\n<p><\/p>\r\n<!--Name-->\r\n<label> Nombre \r\n<\/label>\r\n<input type=\"text\" maxlength=\"255\" name=\"Name_First\" fieldtype=\"7\" placeholder=\"\" \/>\r\n<label>Apellido<\/label>\r\n<input type=\"text\" maxlength=\"255\" name=\"Name_Last\" fieldtype=\"7\" placeholder=\"\" \/>\r\n\r\n<!--Phone-->\r\n<label> Tel\u00e9fono \r\n<em>*<\/em>\r\n<\/label>\r\n<input type=\"text\" compname=\"PhoneNumber\" name=\"PhoneNumber_countrycode\" phoneformat=\"1\" iscountrycodeenabled=\"false\" maxlength=\"20\" value=\"\" fieldtype=\"11\" id=\"international_PhoneNumber_countrycode\" placeholder=\"\" \/>\r\n\r\n<!--Email-->\r\n<label> Correo electr\u00f3nico \r\n<em>*<\/em>\r\n<\/label>\r\n<input type=\"text\" maxlength=\"255\" name=\"Email\" value=\"\" fieldtype=\"9\" placeholder=\"\" \/>\r\n<!--Dropdown-->\r\n<label>\r\nEstado\r\n<em>*<\/em>\r\n<\/label>\r\n<select name=\"Dropdown\">\r\n<option selected=\"true\" value=\"-Select-\">-Select-<\/option>\r\n<option value=\"Alabama\">Alabama<\/option>\r\n<option value=\"Alaska\">Alaska<\/option>\r\n<option value=\"Arizona\">Arizona<\/option>\r\n<option value=\"Arkansas\">Arkansas<\/option>\r\n<option value=\"California\">California<\/option>\r\n<option value=\"Colorado\">Colorado<\/option>\r\n<option value=\"Connecticut\">Connecticut<\/option>\r\n<option value=\"Delaware\">Delaware<\/option>\r\n<option value=\"Florida\">Florida<\/option>\r\n<option value=\"Georgia\">Georgia<\/option>\r\n<option value=\"Hawaii\">Hawaii<\/option>\r\n<option value=\"Idaho\">Idaho<\/option>\r\n<option value=\"Illinois\">Illinois<\/option>\r\n<option value=\"Indiana\">Indiana<\/option>\r\n<option value=\"Iowa\">Iowa<\/option>\r\n<option value=\"Kansas\">Kansas<\/option>\r\n<option value=\"Kentucky\">Kentucky<\/option>\r\n<option value=\"Louisiana\">Louisiana<\/option>\r\n<option value=\"Maine\">Maine<\/option>\r\n<option value=\"Maryland\">Maryland<\/option>\r\n<option value=\"Massachusetts\">Massachusetts<\/option>\r\n<option value=\"Michigan\">Michigan<\/option>\r\n<option value=\"Minnesota\">Minnesota<\/option>\r\n<option value=\"Mississippi\">Mississippi<\/option>\r\n<option value=\"Missouri\">Missouri<\/option>\r\n<option value=\"Montana\">Montana<\/option>\r\n<option value=\"Nebraska\">Nebraska<\/option>\r\n<option value=\"Nevada\">Nevada<\/option>\r\n<option value=\"New Hampshire\">New Hampshire<\/option>\r\n<option value=\"New Jersey\">New Jersey<\/option>\r\n<option value=\"New Mexico\">New Mexico<\/option>\r\n<option value=\"New York\">New York<\/option>\r\n<option value=\"North Carolina\">North Carolina<\/option>\r\n<option value=\"North Dakota\">North Dakota<\/option>\r\n<option value=\"Ohio\">Ohio<\/option>\r\n<option value=\"Oklahoma\">Oklahoma<\/option>\r\n<option value=\"Oregon\">Oregon<\/option>\r\n<option value=\"Pennsylvania\">Pennsylvania<\/option>\r\n<option value=\"Rhode Island\">Rhode Island<\/option>\r\n<option value=\"South Carolina\">South Carolina<\/option>\r\n<option value=\"South Dakota\">South Dakota<\/option>\r\n<option value=\"Tennessee\">Tennessee<\/option>\r\n<option value=\"Texas\">Texas<\/option>\r\n<option value=\"Utah\">Utah<\/option>\r\n<option value=\"Vermont\">Vermont<\/option>\r\n<option value=\"Virginia\">Virginia<\/option>\r\n<option value=\"Washington\">Washington<\/option>\r\n<option value=\"West Virginia\">West Virginia<\/option>\r\n<option value=\"Wisconsin\">Wisconsin<\/option>\r\n<option value=\"Wyoming\">Wyoming<\/option>\r\n<\/select>\r\n<!--Currency-->\r\n<label> Monto del pr\u00e9stamo \r\n<em>*<\/em>\r\n<\/label>\r\n<input type=\"text\" name=\"Currency\" value=\"\" maxlength=\"50\" placeholder=\"\" \/>\r\n\r\n<!--Multi Line-->\r\n<label> Mensaje \r\n<\/label>\r\n<textarea name=\"MultiLine\" maxlength=\"65535\" placeholder=\"\" ><\/textarea>\r\n<button type=\"submit\"><em>Enviar<\/em><\/button><\/form>\t\t\t\t<\/div>\n\t\t\t\t<\/div>\n\t\t<div class=\"elementor-element elementor-element-45775fb e-con-full e-flex e-con e-child\" data-id=\"45775fb\" data-element_type=\"container\" data-settings=\"{&quot;background_background&quot;:&quot;classic&quot;}\">\n\t\t\t\t<div class=\"elementor-element elementor-element-1663c74 elementor-widget elementor-widget-heading\" data-id=\"1663c74\" data-element_type=\"widget\" data-widget_type=\"heading.default\">\n\t\t\t\t\t<span class=\"elementor-heading-title elementor-size-default\">Comun\u00edquese hoy mismo con Doctor Cash y permita que nuestro equipo lo gu\u00ede hacia la soluci\u00f3n de financiamiento correcta. Ya sea que busque crecer, refinanciar o adquirir, simplificamos el proceso y lo hacemos libre de estr\u00e9s. Cont\u00e1ctenos ahora, estamos aqu\u00ed para ayudarle a avanzar con confianza.<\/span>\t\t\t\t<\/div>\n\t\t\t\t<\/div>\n\t\t\t\t<\/div>\n\t\t<div class=\"elementor-element elementor-element-932b7ac e-con-full e-flex e-con e-parent\" data-id=\"932b7ac\" data-element_type=\"container\">\n\t\t<div class=\"elementor-element elementor-element-7051e0d e-flex e-con-boxed e-con e-child\" data-id=\"7051e0d\" data-element_type=\"container\" data-settings=\"{&quot;background_background&quot;:&quot;classic&quot;,&quot;motion_fx_motion_fx_scrolling&quot;:&quot;yes&quot;,&quot;motion_fx_translateY_effect&quot;:&quot;yes&quot;,&quot;motion_fx_translateY_speed&quot;:{&quot;unit&quot;:&quot;px&quot;,&quot;size&quot;:4,&quot;sizes&quot;:[]},&quot;motion_fx_translateY_affectedRange&quot;:{&quot;unit&quot;:&quot;%&quot;,&quot;size&quot;:&quot;&quot;,&quot;sizes&quot;:{&quot;start&quot;:0,&quot;end&quot;:100}},&quot;motion_fx_devices&quot;:[&quot;desktop&quot;,&quot;tablet&quot;,&quot;mobile&quot;]}\">\n\t\t\t\t\t<div class=\"e-con-inner\">\n\t\t<div class=\"elementor-element elementor-element-1aa80bf e-con-full e-flex e-con e-child\" data-id=\"1aa80bf\" data-element_type=\"container\" data-settings=\"{&quot;background_background&quot;:&quot;classic&quot;}\">\n\t\t\t\t<div class=\"elementor-element elementor-element-445e0c5 elementor-widget elementor-widget-image\" data-id=\"445e0c5\" data-element_type=\"widget\" data-widget_type=\"image.default\">\n\t\t\t\t\t\t\t\t\t\t\t\t\t\t\t<img fetchpriority=\"high\" decoding=\"async\" width=\"300\" height=\"300\" src=\"https:\/\/doctor.cash\/wp-content\/uploads\/2025\/08\/Money-Icon-1.png\" class=\"attachment-large size-large wp-image-258\" alt=\"\" srcset=\"https:\/\/doctor.cash\/wp-content\/uploads\/2025\/08\/Money-Icon-1.png 300w, https:\/\/doctor.cash\/wp-content\/uploads\/2025\/08\/Money-Icon-1-150x150.png 150w\" sizes=\"(max-width: 300px) 100vw, 300px\" \/>\t\t\t\t\t\t\t\t\t\t\t\t\t\t\t<\/div>\n\t\t\t\t<div class=\"elementor-element elementor-element-43a2aa3 elementor-widget elementor-widget-heading\" data-id=\"43a2aa3\" data-element_type=\"widget\" data-widget_type=\"heading.default\">\n\t\t\t\t\t<h2 class=\"elementor-heading-title elementor-size-default\">Apoyando a peque\u00f1as y<br> medianas empresas<\/h2>\t\t\t\t<\/div>\n\t\t\t\t<div class=\"elementor-element elementor-element-3639826 elementor-widget elementor-widget-text-editor\" data-id=\"3639826\" data-element_type=\"widget\" data-widget_type=\"text-editor.default\">\n\t\t\t\t\t\t\t\t\t<p data-start=\"339\" data-end=\"786\">Las peque\u00f1as y medianas empresas son la columna vertebral de la econom\u00eda, y apoyarlas es el n\u00facleo de nuestra misi\u00f3n. Desde la refinanciaci\u00f3n de deudas hasta la adquisici\u00f3n de activos o la expansi\u00f3n de operaciones, proporcionamos las herramientas financieras y la orientaci\u00f3n que los negocios necesitan para prosperar.<\/p>\t\t\t\t\t\t\t\t<\/div>\n\t\t\t\t<div class=\"elementor-element elementor-element-b1f6618 elementor-align-center elementor-widget elementor-widget-button\" data-id=\"b1f6618\" data-element_type=\"widget\" data-widget_type=\"button.default\">\n\t\t\t\t\t\t\t\t\t\t<a class=\"elementor-button elementor-button-link elementor-size-sm\" href=\"\/es\/about-us\/\">\n\t\t\t\t\t\t<span class=\"elementor-button-content-wrapper\">\n\t\t\t\t\t\t<span class=\"elementor-button-icon\">\n\t\t\t\t<i aria-hidden=\"true\" class=\"icon icon-right-arrow1\"><\/i>\t\t\t<\/span>\n\t\t\t\t\t\t\t\t\t<span class=\"elementor-button-text\">M\u00e1s sobre nosotros<\/span>\n\t\t\t\t\t<\/span>\n\t\t\t\t\t<\/a>\n\t\t\t\t\t\t\t\t<\/div>\n\t\t\t\t<\/div>\n\t\t\t\t\t<\/div>\n\t\t\t\t<\/div>\n\t\t\t\t<\/div>\n\t\t\t\t<\/div>","protected":false},"excerpt":{"rendered":"<p>Contact Doctor Cash for Expert Business Loan Guidance Ready to take the next step for your business? CONTACT First Name Last Name Phone * Email * State * -Select-AlabamaAlaskaArizonaArkansasCaliforniaColoradoConnecticutDelawareFloridaGeorgiaHawaiiIdahoIllinoisIndianaIowaKansasKentuckyLouisianaMaineMarylandMassachusettsMichiganMinnesotaMississippiMissouriMontanaNebraskaNevadaNew HampshireNew JerseyNew MexicoNew YorkNorth CarolinaNorth DakotaOhioOklahomaOregonPennsylvaniaRhode IslandSouth CarolinaSouth DakotaTennesseeTexasUtahVermontVirginiaWashingtonWest VirginiaWisconsinWyoming Loan Amount * Message Submit Contact Doctor Cash today and let our team guide you toward [&hellip;]<\/p>","protected":false},"author":1,"featured_media":0,"parent":0,"menu_order":0,"comment_status":"closed","ping_status":"closed","template":"","meta":{"footnotes":""},"class_list":["post-2139","page","type-page","status-publish","hentry"],"_links":{"self":[{"href":"https:\/\/doctor.cash\/es\/wp-json\/wp\/v2\/pages\/2139","targetHints":{"allow":["GET"]}}],"collection":[{"href":"https:\/\/doctor.cash\/es\/wp-json\/wp\/v2\/pages"}],"about":[{"href":"https:\/\/doctor.cash\/es\/wp-json\/wp\/v2\/types\/page"}],"author":[{"embeddable":true,"href":"https:\/\/doctor.cash\/es\/wp-json\/wp\/v2\/users\/1"}],"replies":[{"embeddable":true,"href":"https:\/\/doctor.cash\/es\/wp-json\/wp\/v2\/comments?post=2139"}],"version-history":[{"count":0,"href":"https:\/\/doctor.cash\/es\/wp-json\/wp\/v2\/pages\/2139\/revisions"}],"wp:attachment":[{"href":"https:\/\/doctor.cash\/es\/wp-json\/wp\/v2\/media?parent=2139"}],"curies":[{"name":"wp","href":"https:\/\/api.w.org\/{rel}","templated":true}]}}